{"id":4130,"date":"2021-11-15T16:02:16","date_gmt":"2021-11-15T14:02:16","guid":{"rendered":"https:\/\/chaotic.ro\/despre-noi\/"},"modified":"2021-12-08T09:24:39","modified_gmt":"2021-12-08T07:24:39","slug":"despre-noi","status":"publish","type":"page","link":"https:\/\/chaotic.ro\/ro\/despre-noi\/","title":{"rendered":"Despre noi"},"content":{"rendered":"\t\t<div data-elementor-type=\"wp-post\" data-elementor-id=\"4130\" class=\"elementor elementor-4130 elementor-526\" data-elementor-settings=\"[]\">\n\t\t\t\t\t\t\t<div class=\"elementor-section-wrap\">\n\t\t\t\t\t\t\t<section class=\"elementor-section elementor-top-section elementor-element elementor-element-73f8a37 rey-section-stretched rey-section-bg--video elementor-section-boxed elementor-section-gap-default elementor-section-height-default elementor-section-height-default\" data-id=\"73f8a37\" data-element_type=\"section\" data-settings=\"{&quot;background_background&quot;:&quot;video&quot;,&quot;background_video_link&quot;:&quot;\\\/wp-content\\\/uploads\\\/2021\\\/07\\\/about-us-video.mp4&quot;,&quot;background_play_on_mobile&quot;:&quot;yes&quot;}\">\n\t\t\t\t\t\t\t\t<div class=\"elementor-background-video-container\">\n\t\t\t\t\t\t\t\t\t\t\t\t\t<video class=\"elementor-background-video-hosted elementor-html5-video\" autoplay muted playsinline loop><\/video>\n\t\t\t\t\t\t\t\t\t\t\t<\/div>\n\t\t\t\t\t\t\t\t<div class=\"elementor-container elementor-column-gap-default\">\n\t\t\t\t\t<div class=\"elementor-column elementor-col-100 elementor-top-column elementor-element elementor-element-b9ca917\" data-id=\"b9ca917\" data-element_type=\"column\">\n\t\t\t<div class=\"elementor-column-wrap--b9ca917 elementor-widget-wrap elementor-element-populated\">\n\t\t\t\t\t\t\t\t<div class=\"elementor-element elementor-element-5247153 elementor-widget elementor-widget-heading\" data-id=\"5247153\" data-element_type=\"widget\" data-widget_type=\"heading.default\">\n\t\t\t\t<div class=\"elementor-widget-container\">\n\t\t\t<h1 class=\"elementor-heading-title elementor-size-xl\">Doar o marc\u0103 exclusiv\u0103 de \u00eembr\u0103c\u0103minte pentru femei?<br>\nMai degrab\u0103 o leg\u0103tur\u0103 mam\u0103-fiic\u0103.<\/h1>\t\t<\/div>\n\t\t\t\t<\/div>\n\t\t\t\t\t<\/div>\n\t\t<\/div>\n\t\t\t\t\t\t\t<\/div>\n\t\t<\/section>\n\t\t\t\t<section class=\"elementor-section elementor-top-section elementor-element elementor-element-ede3c3e elementor-section-gap-wider elementor-section-content-middle elementor-section-boxed elementor-section-height-default elementor-section-height-default\" data-id=\"ede3c3e\" data-element_type=\"section\">\n\t\t\t\t\t\t<div class=\"elementor-container elementor-column-gap-wider\">\n\t\t\t\t\t<div class=\"elementor-column elementor-col-50 elementor-top-column elementor-element elementor-element-ddd1aa9\" data-id=\"ddd1aa9\" data-element_type=\"column\">\n\t\t\t<div class=\"elementor-column-wrap--ddd1aa9 elementor-widget-wrap elementor-element-populated\">\n\t\t\t\t\t\t\t\t<div class=\"elementor-element elementor-element-5c75050 u-hover-img-animation elementor-widget elementor-widget-image\" data-id=\"5c75050\" data-element_type=\"widget\" data-widget_type=\"image.default\">\n\t\t\t\t<div class=\"elementor-widget-container\">\n\t\t\t\t\t\t\t\t\t\t\t\t\t\t\t<img loading=\"lazy\" decoding=\"async\" width=\"1707\" height=\"2560\" src=\"https:\/\/chaotic.ro\/wp-content\/uploads\/2021\/08\/poza-mama-fiica-scaled.jpeg\" class=\"attachment-full size-full\" alt=\"\" srcset=\"https:\/\/chaotic.ro\/wp-content\/uploads\/2021\/08\/poza-mama-fiica-scaled.jpeg 1707w, https:\/\/chaotic.ro\/wp-content\/uploads\/2021\/08\/poza-mama-fiica-scaled-800x1200.jpeg 800w, https:\/\/chaotic.ro\/wp-content\/uploads\/2021\/08\/poza-mama-fiica-200x300.jpeg 200w, https:\/\/chaotic.ro\/wp-content\/uploads\/2021\/08\/poza-mama-fiica-683x1024.jpeg 683w, https:\/\/chaotic.ro\/wp-content\/uploads\/2021\/08\/poza-mama-fiica-768x1152.jpeg 768w, https:\/\/chaotic.ro\/wp-content\/uploads\/2021\/08\/poza-mama-fiica-1024x1536.jpeg 1024w, https:\/\/chaotic.ro\/wp-content\/uploads\/2021\/08\/poza-mama-fiica-1365x2048.jpeg 1365w\" sizes=\"auto, (max-width: 1707px) 100vw, 1707px\" \/>\t\t\t\t\t\t\t\t\t\t\t\t\t\t\t<\/div>\n\t\t\t\t<\/div>\n\t\t\t\t\t<\/div>\n\t\t<\/div>\n\t\t\t\t<div class=\"elementor-column elementor-col-50 elementor-top-column elementor-element elementor-element-8f338f7\" data-id=\"8f338f7\" data-element_type=\"column\">\n\t\t\t<div class=\"elementor-column-wrap--8f338f7 elementor-widget-wrap elementor-element-populated\">\n\t\t\t\t\t\t\t\t<div class=\"elementor-element elementor-element-c6e0ebe elementor-widget__width-auto elementor-absolute elementor-hidden-tablet elementor-hidden-phone elementor-widget-divider--view-line elementor-widget elementor-widget-divider\" data-id=\"c6e0ebe\" data-element_type=\"widget\" data-settings=\"{&quot;_position&quot;:&quot;absolute&quot;}\" data-widget_type=\"divider.default\">\n\t\t\t\t<div class=\"elementor-widget-container\">\n\t\t\t\t\t<div class=\"elementor-divider\">\n\t\t\t<span class=\"elementor-divider-separator\">\n\t\t\t\t\t\t<\/span>\n\t\t<\/div>\n\t\t\t\t<\/div>\n\t\t\t\t<\/div>\n\t\t\t\t<div class=\"elementor-element elementor-element-dc09844 elementor-widget elementor-widget-heading\" data-id=\"dc09844\" data-element_type=\"widget\" data-widget_type=\"heading.default\">\n\t\t\t\t<div class=\"elementor-widget-container\">\n\t\t\t<h1 class=\"elementor-heading-title elementor-size-default\">Povestea noastr\u0103<\/h1>\t\t<\/div>\n\t\t\t\t<\/div>\n\t\t\t\t<div class=\"elementor-element elementor-element-fcbbd96 u-links-anim-ul elementor-widget elementor-widget-text-editor\" data-id=\"fcbbd96\" data-element_type=\"widget\" data-widget_type=\"text-editor.default\">\n\t\t\t\t<div class=\"elementor-widget-container\">\n\t\t\t\t\t\t\t<p>Brandul a fost creat \u00een 2017, de c\u0103tre Mirela, o fashionista matur\u0103, care a realizat c\u0103 nu este niciodat\u0103 prea t\u00e2rziu s\u0103 \u00ee\u021bi urmezi pasiunea. \u201cVia\u021b\u0103 este prea scurt\u0103, cump\u0103r\u0103 rochia!\u201d \u2026 sau creaz-o dac\u0103 asta visezi. Plec\u00e2nd de la aceast\u0103 premis\u0103, dup\u0103 ce a activat \u00een diverse domenii creative, precum televiziunea, Mirela a dat via\u021b\u0103 propriilor idei, construindu-\u0219i universul sub numele de \u201cChaotic\u201d. Dar unicitatea brandului s-a n\u0103scut ulterior, dup\u0103 ce a decis s\u0103 o includ\u0103 pe Catinca, fiica sa, care \u00een prezent studiaz\u0103 Fashion Marketing &amp; Communication \u00een Barcelona. \u00cen urm\u0103 alatur\u0103rii, \u201cChaotic\u201d s-a transformat \u00een mult mai mult dec\u00e2t un brand exclusivist de \u00eembr\u0103c\u0103minte. Leg\u0103tur\u0103 mama-fiica \u0219i ideile diverse, uneori contradictorii provenite din genera\u021bii diferite, au dat sens fiec\u0103rei piese, cre\u00e2nd \u201chaosul\u201d unic pe care Mirela \u00eel caut\u0103 \u00eenc\u0103 de la \u00eenceput. Pe l\u00e2ng\u0103 croi \u0219i detalii, care atrag privirea, povestea din spatele brandului capteaz\u0103 inima oric\u0103rei fashioniste nostalgice, care a mo\u0219tenit dragostea pentru stil \u0219i frumos admirandu-\u0219i mama \u00een copil\u0103rie.<\/p>\t\t\t\t\t\t<\/div>\n\t\t\t\t<\/div>\n\t\t\t\t\t<\/div>\n\t\t<\/div>\n\t\t\t\t\t\t\t<\/div>\n\t\t<\/section>\n\t\t\t\t<section class=\"elementor-section elementor-top-section elementor-element elementor-element-1adeadc elementor-section-boxed elementor-section-gap-default elementor-section-height-default elementor-section-height-default\" data-id=\"1adeadc\" data-element_type=\"section\">\n\t\t\t\t\t\t<div class=\"elementor-container elementor-column-gap-default\">\n\t\t\t\t\t<div class=\"elementor-column elementor-col-100 elementor-top-column elementor-element elementor-element-3654db8\" data-id=\"3654db8\" data-element_type=\"column\">\n\t\t\t<div class=\"elementor-column-wrap--3654db8 elementor-widget-wrap elementor-element-populated\">\n\t\t\t\t\t\t\t\t<div class=\"elementor-element elementor-element-e9b53a2 elementor-widget elementor-widget-heading\" data-id=\"e9b53a2\" data-element_type=\"widget\" data-widget_type=\"heading.default\">\n\t\t\t\t<div class=\"elementor-widget-container\">\n\t\t\t<h1 class=\"elementor-heading-title elementor-size-default\">Public \u021aint\u0103<\/h1>\t\t<\/div>\n\t\t\t\t<\/div>\n\t\t\t\t<div class=\"elementor-element elementor-element-1ffb6cc u-links-anim-ul elementor-widget elementor-widget-text-editor\" data-id=\"1ffb6cc\" data-element_type=\"widget\" data-widget_type=\"text-editor.default\">\n\t\t\t\t<div class=\"elementor-widget-container\">\n\t\t\t\t\t\t\t<p>Femeia \u201cChaotic\u201d este asumat\u0103, puternic\u0103, senzual\u0103, \u00ee\u0219i dezv\u0103luie personalitatea cu \u00eencredere, fiind inspira\u021bia din spatele motto-ului nostru:<\/p>\t\t\t\t\t\t<\/div>\n\t\t\t\t<\/div>\n\t\t\t\t<div class=\"elementor-element elementor-element-929f845 el-mark--cv elementor-widget elementor-widget-heading\" data-id=\"929f845\" data-element_type=\"widget\" data-widget_type=\"heading.default\">\n\t\t\t\t<div class=\"elementor-widget-container\">\n\t\t\t<h2 class=\"elementor-heading-title elementor-size-default\"><mark>Purta\u021bi-v\u0103 haosul cu m\u00e2ndrie  \u0219i curaj. <\/mark><\/h2>\t\t<\/div>\n\t\t\t\t<\/div>\n\t\t\t\t<div class=\"elementor-element elementor-element-31896a8 elementor-widget elementor-widget-image\" data-id=\"31896a8\" data-element_type=\"widget\" data-widget_type=\"image.default\">\n\t\t\t\t<div class=\"elementor-widget-container\">\n\t\t\t\t\t\t\t\t\t\t\t\t\t\t\t<img loading=\"lazy\" decoding=\"async\" width=\"500\" height=\"250\" src=\"https:\/\/chaotic.ro\/wp-content\/uploads\/2021\/09\/MirelaCatincaSign.png\" class=\"attachment-large size-large\" alt=\"\" srcset=\"https:\/\/chaotic.ro\/wp-content\/uploads\/2021\/09\/MirelaCatincaSign.png 500w, https:\/\/chaotic.ro\/wp-content\/uploads\/2021\/09\/MirelaCatincaSign-300x150.png 300w\" sizes=\"auto, (max-width: 500px) 100vw, 500px\" \/>\t\t\t\t\t\t\t\t\t\t\t\t\t\t\t<\/div>\n\t\t\t\t<\/div>\n\t\t\t\t\t<\/div>\n\t\t<\/div>\n\t\t\t\t\t\t\t<\/div>\n\t\t<\/section>\n\t\t\t\t\t\t<\/div>\n\t\t\t\t\t<\/div>\n\t\t","protected":false},"excerpt":{"rendered":"<p>Doar o marc\u0103 exclusiv\u0103 de \u00eembr\u0103c\u0103minte pentru femei? Mai degrab\u0103 o leg\u0103tur\u0103 mam\u0103-fiic\u0103. Povestea noastr\u0103 Brandul a fost creat \u00een 2017, de c\u0103tre Mirela, o fashionista matur\u0103, care a realizat c\u0103 nu este niciodat\u0103 prea [&hellip;]<\/p>\n","protected":false},"author":1,"featured_media":0,"parent":0,"menu_order":0,"comment_status":"closed","ping_status":"closed","template":"template-builder.php","meta":{"footnotes":""},"class_list":["post-4130","page","type-page","status-publish","hentry"],"yoast_head":"<!-- This site is optimized with the Yoast SEO plugin v18.1 - https:\/\/yoast.com\/wordpress\/plugins\/seo\/ -->\n<title>Despre noi - Chaotic<\/title>\n<meta name=\"robots\" content=\"index, follow, max-snippet:-1, max-image-preview:large, max-video-preview:-1\" \/>\n<link rel=\"canonical\" href=\"https:\/\/chaotic.ro\/ro\/despre-noi\/\" \/>\n<meta property=\"og:locale\" content=\"ro_RO\" \/>\n<meta property=\"og:type\" content=\"article\" \/>\n<meta property=\"og:title\" content=\"Despre noi - Chaotic\" \/>\n<meta property=\"og:description\" content=\"Doar o marc\u0103 exclusiv\u0103 de \u00eembr\u0103c\u0103minte pentru femei? Mai degrab\u0103 o leg\u0103tur\u0103 mam\u0103-fiic\u0103. Povestea noastr\u0103 Brandul a fost creat \u00een 2017, de c\u0103tre Mirela, o fashionista matur\u0103, care a realizat c\u0103 nu este niciodat\u0103 prea [&hellip;]\" \/>\n<meta property=\"og:url\" content=\"https:\/\/chaotic.ro\/ro\/despre-noi\/\" \/>\n<meta property=\"og:site_name\" content=\"Chaotic\" \/>\n<meta property=\"article:modified_time\" content=\"2021-12-08T07:24:39+00:00\" \/>\n<meta property=\"og:image\" content=\"https:\/\/chaotic.ro\/wp-content\/uploads\/2021\/08\/poza-mama-fiica-scaled.jpeg\" \/>\n<meta name=\"twitter:card\" content=\"summary_large_image\" \/>\n<meta name=\"twitter:label1\" content=\"Timp estimat pentru citire\" \/>\n\t<meta name=\"twitter:data1\" content=\"1 minut\" \/>\n<script type=\"application\/ld+json\" class=\"yoast-schema-graph\">{\"@context\":\"https:\/\/schema.org\",\"@graph\":[{\"@type\":\"Organization\",\"@id\":\"https:\/\/chaotic.ro\/#organization\",\"name\":\"Chaotic\",\"url\":\"https:\/\/chaotic.ro\/\",\"sameAs\":[],\"logo\":{\"@type\":\"ImageObject\",\"@id\":\"https:\/\/chaotic.ro\/#logo\",\"inLanguage\":\"ro-RO\",\"url\":\"https:\/\/chaotic.ro\/wp-content\/uploads\/2021\/07\/Chaotic-Logo-Black.png\",\"contentUrl\":\"https:\/\/chaotic.ro\/wp-content\/uploads\/2021\/07\/Chaotic-Logo-Black.png\",\"width\":250,\"height\":50,\"caption\":\"Chaotic\"},\"image\":{\"@id\":\"https:\/\/chaotic.ro\/#logo\"}},{\"@type\":\"WebSite\",\"@id\":\"https:\/\/chaotic.ro\/#website\",\"url\":\"https:\/\/chaotic.ro\/\",\"name\":\"Chaotic\",\"description\":\"Wear your chaos with courage and pride\",\"publisher\":{\"@id\":\"https:\/\/chaotic.ro\/#organization\"},\"potentialAction\":[{\"@type\":\"SearchAction\",\"target\":{\"@type\":\"EntryPoint\",\"urlTemplate\":\"https:\/\/chaotic.ro\/?s={search_term_string}\"},\"query-input\":\"required name=search_term_string\"}],\"inLanguage\":\"ro-RO\"},{\"@type\":\"ImageObject\",\"@id\":\"https:\/\/chaotic.ro\/ro\/despre-noi\/#primaryimage\",\"inLanguage\":\"ro-RO\",\"url\":\"https:\/\/chaotic.ro\/wp-content\/uploads\/2021\/08\/poza-mama-fiica-scaled.jpeg\",\"contentUrl\":\"https:\/\/chaotic.ro\/wp-content\/uploads\/2021\/08\/poza-mama-fiica-scaled.jpeg\",\"width\":1707,\"height\":2560,\"caption\":\"Processed with VSCO with b1 preset\"},{\"@type\":\"WebPage\",\"@id\":\"https:\/\/chaotic.ro\/ro\/despre-noi\/#webpage\",\"url\":\"https:\/\/chaotic.ro\/ro\/despre-noi\/\",\"name\":\"Despre noi - Chaotic\",\"isPartOf\":{\"@id\":\"https:\/\/chaotic.ro\/#website\"},\"primaryImageOfPage\":{\"@id\":\"https:\/\/chaotic.ro\/ro\/despre-noi\/#primaryimage\"},\"datePublished\":\"2021-11-15T14:02:16+00:00\",\"dateModified\":\"2021-12-08T07:24:39+00:00\",\"breadcrumb\":{\"@id\":\"https:\/\/chaotic.ro\/ro\/despre-noi\/#breadcrumb\"},\"inLanguage\":\"ro-RO\",\"potentialAction\":[{\"@type\":\"ReadAction\",\"target\":[\"https:\/\/chaotic.ro\/ro\/despre-noi\/\"]}]},{\"@type\":\"BreadcrumbList\",\"@id\":\"https:\/\/chaotic.ro\/ro\/despre-noi\/#breadcrumb\",\"itemListElement\":[{\"@type\":\"ListItem\",\"position\":1,\"name\":\"Home\",\"item\":\"https:\/\/chaotic.ro\/ro\/pagina-principala\/\"},{\"@type\":\"ListItem\",\"position\":2,\"name\":\"Despre noi\"}]}]}<\/script>\n<!-- \/ Yoast SEO plugin. -->","yoast_head_json":{"title":"Despre noi - Chaotic","robots":{"index":"index","follow":"follow","max-snippet":"max-snippet:-1","max-image-preview":"max-image-preview:large","max-video-preview":"max-video-preview:-1"},"canonical":"https:\/\/chaotic.ro\/ro\/despre-noi\/","og_locale":"ro_RO","og_type":"article","og_title":"Despre noi - Chaotic","og_description":"Doar o marc\u0103 exclusiv\u0103 de \u00eembr\u0103c\u0103minte pentru femei? Mai degrab\u0103 o leg\u0103tur\u0103 mam\u0103-fiic\u0103. Povestea noastr\u0103 Brandul a fost creat \u00een 2017, de c\u0103tre Mirela, o fashionista matur\u0103, care a realizat c\u0103 nu este niciodat\u0103 prea [&hellip;]","og_url":"https:\/\/chaotic.ro\/ro\/despre-noi\/","og_site_name":"Chaotic","article_modified_time":"2021-12-08T07:24:39+00:00","og_image":[{"url":"https:\/\/chaotic.ro\/wp-content\/uploads\/2021\/08\/poza-mama-fiica-scaled.jpeg"}],"twitter_card":"summary_large_image","twitter_misc":{"Timp estimat pentru citire":"1 minut"},"schema":{"@context":"https:\/\/schema.org","@graph":[{"@type":"Organization","@id":"https:\/\/chaotic.ro\/#organization","name":"Chaotic","url":"https:\/\/chaotic.ro\/","sameAs":[],"logo":{"@type":"ImageObject","@id":"https:\/\/chaotic.ro\/#logo","inLanguage":"ro-RO","url":"https:\/\/chaotic.ro\/wp-content\/uploads\/2021\/07\/Chaotic-Logo-Black.png","contentUrl":"https:\/\/chaotic.ro\/wp-content\/uploads\/2021\/07\/Chaotic-Logo-Black.png","width":250,"height":50,"caption":"Chaotic"},"image":{"@id":"https:\/\/chaotic.ro\/#logo"}},{"@type":"WebSite","@id":"https:\/\/chaotic.ro\/#website","url":"https:\/\/chaotic.ro\/","name":"Chaotic","description":"Wear your chaos with courage and pride","publisher":{"@id":"https:\/\/chaotic.ro\/#organization"},"potentialAction":[{"@type":"SearchAction","target":{"@type":"EntryPoint","urlTemplate":"https:\/\/chaotic.ro\/?s={search_term_string}"},"query-input":"required name=search_term_string"}],"inLanguage":"ro-RO"},{"@type":"ImageObject","@id":"https:\/\/chaotic.ro\/ro\/despre-noi\/#primaryimage","inLanguage":"ro-RO","url":"https:\/\/chaotic.ro\/wp-content\/uploads\/2021\/08\/poza-mama-fiica-scaled.jpeg","contentUrl":"https:\/\/chaotic.ro\/wp-content\/uploads\/2021\/08\/poza-mama-fiica-scaled.jpeg","width":1707,"height":2560,"caption":"Processed with VSCO with b1 preset"},{"@type":"WebPage","@id":"https:\/\/chaotic.ro\/ro\/despre-noi\/#webpage","url":"https:\/\/chaotic.ro\/ro\/despre-noi\/","name":"Despre noi - Chaotic","isPartOf":{"@id":"https:\/\/chaotic.ro\/#website"},"primaryImageOfPage":{"@id":"https:\/\/chaotic.ro\/ro\/despre-noi\/#primaryimage"},"datePublished":"2021-11-15T14:02:16+00:00","dateModified":"2021-12-08T07:24:39+00:00","breadcrumb":{"@id":"https:\/\/chaotic.ro\/ro\/despre-noi\/#breadcrumb"},"inLanguage":"ro-RO","potentialAction":[{"@type":"ReadAction","target":["https:\/\/chaotic.ro\/ro\/despre-noi\/"]}]},{"@type":"BreadcrumbList","@id":"https:\/\/chaotic.ro\/ro\/despre-noi\/#breadcrumb","itemListElement":[{"@type":"ListItem","position":1,"name":"Home","item":"https:\/\/chaotic.ro\/ro\/pagina-principala\/"},{"@type":"ListItem","position":2,"name":"Despre noi"}]}]}},"_links":{"self":[{"href":"https:\/\/chaotic.ro\/ro\/wp-json\/wp\/v2\/pages\/4130","targetHints":{"allow":["GET"]}}],"collection":[{"href":"https:\/\/chaotic.ro\/ro\/wp-json\/wp\/v2\/pages"}],"about":[{"href":"https:\/\/chaotic.ro\/ro\/wp-json\/wp\/v2\/types\/page"}],"author":[{"embeddable":true,"href":"https:\/\/chaotic.ro\/ro\/wp-json\/wp\/v2\/users\/1"}],"replies":[{"embeddable":true,"href":"https:\/\/chaotic.ro\/ro\/wp-json\/wp\/v2\/comments?post=4130"}],"version-history":[{"count":12,"href":"https:\/\/chaotic.ro\/ro\/wp-json\/wp\/v2\/pages\/4130\/revisions"}],"predecessor-version":[{"id":4302,"href":"https:\/\/chaotic.ro\/ro\/wp-json\/wp\/v2\/pages\/4130\/revisions\/4302"}],"wp:attachment":[{"href":"https:\/\/chaotic.ro\/ro\/wp-json\/wp\/v2\/media?parent=4130"}],"curies":[{"name":"wp","href":"https:\/\/api.w.org\/{rel}","templated":true}]}}