{"id":4156,"date":"2021-11-15T16:16:33","date_gmt":"2021-11-15T14:16:33","guid":{"rendered":"https:\/\/chaotic.ro\/colectii\/emotions\/"},"modified":"2021-12-14T14:04:39","modified_gmt":"2021-12-14T12:04:39","slug":"emotions","status":"publish","type":"page","link":"https:\/\/chaotic.ro\/ro\/colectii\/emotions\/","title":{"rendered":"Emotions"},"content":{"rendered":"\t\t<div data-elementor-type=\"wp-page\" data-elementor-id=\"4156\" class=\"elementor elementor-4156 elementor-2467\" data-elementor-settings=\"[]\">\n\t\t\t\t\t\t\t<div class=\"elementor-section-wrap\">\n\t\t\t\t\t\t\t<section class=\"elementor-section elementor-top-section elementor-element elementor-element-b66658f rey-section-stretched elementor-section-full_width rey-section-bg--classic elementor-section-content-bottom elementor-section-gap-default elementor-section-height-default elementor-section-height-default\" data-id=\"b66658f\" data-element_type=\"section\" data-settings=\"{&quot;background_background&quot;:&quot;classic&quot;}\">\n\t\t\t\t\t\t\t<div class=\"elementor-background-overlay\"><\/div>\n\t\t\t\t\t\t\t<div class=\"elementor-container elementor-column-gap-default\">\n\t\t\t\t\t<div class=\"elementor-column elementor-col-100 elementor-top-column elementor-element elementor-element-ce58839\" data-id=\"ce58839\" data-element_type=\"column\">\n\t\t\t<div class=\"elementor-column-wrap--ce58839 elementor-widget-wrap elementor-element-populated\">\n\t\t\t\t\t\t\t\t<div class=\"elementor-element elementor-element-df66594 elementor-widget elementor-widget-heading\" data-id=\"df66594\" data-element_type=\"widget\" data-widget_type=\"heading.default\">\n\t\t\t\t<div class=\"elementor-widget-container\">\n\t\t\t<h1 class=\"elementor-heading-title elementor-size-xxl\">Emotions<\/h1>\t\t<\/div>\n\t\t\t\t<\/div>\n\t\t\t\t\t<\/div>\n\t\t<\/div>\n\t\t\t\t\t\t\t<\/div>\n\t\t<\/section>\n\t\t\t\t<section class=\"elementor-section elementor-top-section elementor-element elementor-element-f6b3f94 elementor-section-boxed elementor-section-gap-default elementor-section-height-default elementor-section-height-default\" data-id=\"f6b3f94\" data-element_type=\"section\">\n\t\t\t\t\t\t<div class=\"elementor-container elementor-column-gap-default\">\n\t\t\t\t\t<div class=\"elementor-column elementor-col-100 elementor-top-column elementor-element elementor-element-8c9d77e\" data-id=\"8c9d77e\" data-element_type=\"column\">\n\t\t\t<div class=\"elementor-column-wrap--8c9d77e elementor-widget-wrap elementor-element-populated\">\n\t\t\t\t\t\t\t\t<div class=\"elementor-element elementor-element-9504c3d u-links-anim-ul elementor-widget elementor-widget-text-editor\" data-id=\"9504c3d\" data-element_type=\"widget\" data-widget_type=\"text-editor.default\">\n\t\t\t\t<div class=\"elementor-widget-container\">\n\t\t\t\t\t\t\t<p>Prin combina\u021bia de texturi, culori, detalii, colec\u021bia reflect\u0103 emo\u021biile diverse sim\u021bite de c\u0103tre femeia \u201cChaotic\u201d din tine. Fiecare pies\u0103 este confec\u021bionat\u0103 cu grij\u0103, prezent\u00e2nd elemente memorabile precum aplica\u021bii glamour, pliseuri juc\u0103u\u0219e, funde feminine. Deci, pe cine evoci ast\u0103zi? Zei\u021b\u0103 ta interioar\u0103, pe Cenu\u0219\u0103reasa, copilul din \u021bine sau pe femeia curajoas\u0103 \u0219i seduc\u0103toare? \u00cembr\u0103\u021bi\u0219eaz\u0103-\u021bi starea de spirit cu \u00eencredere, ast\u0103zi te po\u021bi sim\u021bi \u2026<\/p>\n\t\t\t\t\t\t<\/div>\n\t\t\t\t<\/div>\n\t\t\t\t\t<\/div>\n\t\t<\/div>\n\t\t\t\t\t\t\t<\/div>\n\t\t<\/section>\n\t\t\t\t<section class=\"elementor-section elementor-top-section elementor-element elementor-element-6ea4593 rey-section-stretched elementor-section-boxed elementor-section-gap-default elementor-section-height-default elementor-section-height-default\" data-id=\"6ea4593\" data-element_type=\"section\">\n\t\t\t\t\t\t<div class=\"elementor-container elementor-column-gap-default\">\n\t\t\t\t\t<div class=\"elementor-column elementor-col-100 elementor-top-column elementor-element elementor-element-232b025\" data-id=\"232b025\" data-element_type=\"column\">\n\t\t\t<div class=\"elementor-column-wrap--232b025 elementor-widget-wrap elementor-element-populated\">\n\t\t\t\t\t\t\t\t<div class=\"elementor-element elementor-element-f6af497 elementor-widget elementor-widget-gallery\" data-id=\"f6af497\" data-element_type=\"widget\" data-settings=\"{&quot;gallery_layout&quot;:&quot;masonry&quot;,&quot;gap&quot;:{&quot;unit&quot;:&quot;px&quot;,&quot;size&quot;:5,&quot;sizes&quot;:[]},&quot;lazyload&quot;:&quot;yes&quot;,&quot;columns&quot;:4,&quot;columns_tablet&quot;:2,&quot;columns_mobile&quot;:1,&quot;gap_tablet&quot;:{&quot;unit&quot;:&quot;px&quot;,&quot;size&quot;:10,&quot;sizes&quot;:[]},&quot;gap_mobile&quot;:{&quot;unit&quot;:&quot;px&quot;,&quot;size&quot;:10,&quot;sizes&quot;:[]}}\" data-widget_type=\"gallery.default\">\n\t\t\t\t<div class=\"elementor-widget-container\">\n\t\t\t\t\t<div class=\"elementor-gallery__container\">\n\t\t\t\t\t\t\t<div class=\"e-gallery-item elementor-gallery-item\">\n\t\t\t\t\t<div class=\"e-gallery-image elementor-gallery-item__image\" data-thumbnail=\"https:\/\/chaotic.ro\/wp-content\/uploads\/2021\/08\/9-_2_-683x1024.jpg\" data-width=\"683\" data-height=\"1024\" alt=\"\" ><\/div>\n\t\t\t\t\t\t\t\t\t\t\t\t\t\t<\/div>\n\t\t\t\t\t\t\t<div class=\"e-gallery-item elementor-gallery-item\">\n\t\t\t\t\t<div class=\"e-gallery-image elementor-gallery-item__image\" data-thumbnail=\"https:\/\/chaotic.ro\/wp-content\/uploads\/2021\/08\/1-_1_-2-683x1024.jpg\" data-width=\"683\" data-height=\"1024\" alt=\"\" ><\/div>\n\t\t\t\t\t\t\t\t\t\t\t\t\t\t<\/div>\n\t\t\t\t\t\t\t<div class=\"e-gallery-item elementor-gallery-item\">\n\t\t\t\t\t<div class=\"e-gallery-image elementor-gallery-item__image\" data-thumbnail=\"https:\/\/chaotic.ro\/wp-content\/uploads\/2021\/08\/2-_6_-683x1024.jpg\" data-width=\"683\" data-height=\"1024\" alt=\"\" ><\/div>\n\t\t\t\t\t\t\t\t\t\t\t\t\t\t<\/div>\n\t\t\t\t\t\t\t<div class=\"e-gallery-item elementor-gallery-item\">\n\t\t\t\t\t<div class=\"e-gallery-image elementor-gallery-item__image\" data-thumbnail=\"https:\/\/chaotic.ro\/wp-content\/uploads\/2021\/08\/1-_5_-660x1024.jpg\" data-width=\"660\" data-height=\"1024\" alt=\"\" ><\/div>\n\t\t\t\t\t\t\t\t\t\t\t\t\t\t<\/div>\n\t\t\t\t\t\t\t<div class=\"e-gallery-item elementor-gallery-item\">\n\t\t\t\t\t<div class=\"e-gallery-image elementor-gallery-item__image\" data-thumbnail=\"https:\/\/chaotic.ro\/wp-content\/uploads\/2021\/08\/1_2-683x1024.jpg\" data-width=\"683\" data-height=\"1024\" alt=\"\" ><\/div>\n\t\t\t\t\t\t\t\t\t\t\t\t\t\t<\/div>\n\t\t\t\t\t\t\t<div class=\"e-gallery-item elementor-gallery-item\">\n\t\t\t\t\t<div class=\"e-gallery-image elementor-gallery-item__image\" data-thumbnail=\"https:\/\/chaotic.ro\/wp-content\/uploads\/2021\/08\/2-_7_-683x1024.jpg\" data-width=\"683\" data-height=\"1024\" alt=\"\" ><\/div>\n\t\t\t\t\t\t\t\t\t\t\t\t\t\t<\/div>\n\t\t\t\t\t\t\t<div class=\"e-gallery-item elementor-gallery-item\">\n\t\t\t\t\t<div class=\"e-gallery-image elementor-gallery-item__image\" data-thumbnail=\"https:\/\/chaotic.ro\/wp-content\/uploads\/2021\/08\/2-_1__1-683x1024.jpg\" data-width=\"683\" data-height=\"1024\" alt=\"\" ><\/div>\n\t\t\t\t\t\t\t\t\t\t\t\t\t\t<\/div>\n\t\t\t\t\t\t\t<div class=\"e-gallery-item elementor-gallery-item\">\n\t\t\t\t\t<div class=\"e-gallery-image elementor-gallery-item__image\" data-thumbnail=\"https:\/\/chaotic.ro\/wp-content\/uploads\/2021\/08\/3-_2_.jpg\" data-width=\"800\" data-height=\"533\" alt=\"\" ><\/div>\n\t\t\t\t\t\t\t\t\t\t\t\t\t\t<\/div>\n\t\t\t\t\t\t\t<div class=\"e-gallery-item elementor-gallery-item\">\n\t\t\t\t\t<div class=\"e-gallery-image elementor-gallery-item__image\" data-thumbnail=\"https:\/\/chaotic.ro\/wp-content\/uploads\/2021\/08\/3-_1_-683x1024.jpg\" data-width=\"683\" data-height=\"1024\" alt=\"\" ><\/div>\n\t\t\t\t\t\t\t\t\t\t\t\t\t\t<\/div>\n\t\t\t\t\t\t\t<div class=\"e-gallery-item elementor-gallery-item\">\n\t\t\t\t\t<div class=\"e-gallery-image elementor-gallery-item__image\" data-thumbnail=\"https:\/\/chaotic.ro\/wp-content\/uploads\/2021\/08\/4-_1__1-683x1024.jpg\" data-width=\"683\" data-height=\"1024\" alt=\"\" ><\/div>\n\t\t\t\t\t\t\t\t\t\t\t\t\t\t<\/div>\n\t\t\t\t\t\t\t<div class=\"e-gallery-item elementor-gallery-item\">\n\t\t\t\t\t<div class=\"e-gallery-image elementor-gallery-item__image\" data-thumbnail=\"https:\/\/chaotic.ro\/wp-content\/uploads\/2021\/08\/5-_1_-683x1024.jpg\" data-width=\"683\" data-height=\"1024\" alt=\"\" ><\/div>\n\t\t\t\t\t\t\t\t\t\t\t\t\t\t<\/div>\n\t\t\t\t\t\t\t<div class=\"e-gallery-item elementor-gallery-item\">\n\t\t\t\t\t<div class=\"e-gallery-image elementor-gallery-item__image\" data-thumbnail=\"https:\/\/chaotic.ro\/wp-content\/uploads\/2021\/08\/5-_3_-683x1024.jpg\" data-width=\"683\" data-height=\"1024\" alt=\"\" ><\/div>\n\t\t\t\t\t\t\t\t\t\t\t\t\t\t<\/div>\n\t\t\t\t\t\t\t<div class=\"e-gallery-item elementor-gallery-item\">\n\t\t\t\t\t<div class=\"e-gallery-image elementor-gallery-item__image\" data-thumbnail=\"https:\/\/chaotic.ro\/wp-content\/uploads\/2021\/08\/7-_1_-683x1024.jpg\" data-width=\"683\" data-height=\"1024\" alt=\"\" ><\/div>\n\t\t\t\t\t\t\t\t\t\t\t\t\t\t<\/div>\n\t\t\t\t\t\t\t<div class=\"e-gallery-item elementor-gallery-item\">\n\t\t\t\t\t<div class=\"e-gallery-image elementor-gallery-item__image\" data-thumbnail=\"https:\/\/chaotic.ro\/wp-content\/uploads\/2021\/08\/8-_1_-672x1024.jpg\" data-width=\"672\" data-height=\"1024\" alt=\"\" ><\/div>\n\t\t\t\t\t\t\t\t\t\t\t\t\t\t<\/div>\n\t\t\t\t\t\t\t<div class=\"e-gallery-item elementor-gallery-item\">\n\t\t\t\t\t<div class=\"e-gallery-image elementor-gallery-item__image\" data-thumbnail=\"https:\/\/chaotic.ro\/wp-content\/uploads\/2021\/08\/11-_1__1-683x1024.jpg\" data-width=\"683\" data-height=\"1024\" alt=\"\" ><\/div>\n\t\t\t\t\t\t\t\t\t\t\t\t\t\t<\/div>\n\t\t\t\t\t\t\t<div class=\"e-gallery-item elementor-gallery-item\">\n\t\t\t\t\t<div class=\"e-gallery-image elementor-gallery-item__image\" data-thumbnail=\"https:\/\/chaotic.ro\/wp-content\/uploads\/2021\/08\/10-_1_-2-683x1024.jpg\" data-width=\"683\" data-height=\"1024\" alt=\"\" ><\/div>\n\t\t\t\t\t\t\t\t\t\t\t\t\t\t<\/div>\n\t\t\t\t\t\t\t<div class=\"e-gallery-item elementor-gallery-item\">\n\t\t\t\t\t<div class=\"e-gallery-image elementor-gallery-item__image\" data-thumbnail=\"https:\/\/chaotic.ro\/wp-content\/uploads\/2021\/08\/15-_1_-688x1024.jpg\" data-width=\"688\" data-height=\"1024\" alt=\"\" ><\/div>\n\t\t\t\t\t\t\t\t\t\t\t\t\t\t<\/div>\n\t\t\t\t\t\t\t<div class=\"e-gallery-item elementor-gallery-item\">\n\t\t\t\t\t<div class=\"e-gallery-image elementor-gallery-item__image\" data-thumbnail=\"https:\/\/chaotic.ro\/wp-content\/uploads\/2021\/08\/13-_1_-683x1024.jpg\" data-width=\"683\" data-height=\"1024\" alt=\"\" ><\/div>\n\t\t\t\t\t\t\t\t\t\t\t\t\t\t<\/div>\n\t\t\t\t\t\t\t<div class=\"e-gallery-item elementor-gallery-item\">\n\t\t\t\t\t<div class=\"e-gallery-image elementor-gallery-item__image\" data-thumbnail=\"https:\/\/chaotic.ro\/wp-content\/uploads\/2021\/08\/16-_1_-683x1024.jpg\" data-width=\"683\" data-height=\"1024\" alt=\"\" ><\/div>\n\t\t\t\t\t\t\t\t\t\t\t\t\t\t<\/div>\n\t\t\t\t\t\t\t<div class=\"e-gallery-item elementor-gallery-item\">\n\t\t\t\t\t<div class=\"e-gallery-image elementor-gallery-item__image\" data-thumbnail=\"https:\/\/chaotic.ro\/wp-content\/uploads\/2021\/08\/14-_1_-683x1024.jpg\" data-width=\"683\" data-height=\"1024\" alt=\"\" ><\/div>\n\t\t\t\t\t\t\t\t\t\t\t\t\t\t<\/div>\n\t\t\t\t\t\t\t<div class=\"e-gallery-item elementor-gallery-item\">\n\t\t\t\t\t<div class=\"e-gallery-image elementor-gallery-item__image\" data-thumbnail=\"https:\/\/chaotic.ro\/wp-content\/uploads\/2021\/08\/discreet-bottom2-683x1024.jpg\" data-width=\"683\" data-height=\"1024\" alt=\"\" ><\/div>\n\t\t\t\t\t\t\t\t\t\t\t\t\t\t<\/div>\n\t\t\t\t\t<\/div>\n\t\t\t<\/div>\n\t\t\t\t<\/div>\n\t\t\t\t\t<\/div>\n\t\t<\/div>\n\t\t\t\t\t\t\t<\/div>\n\t\t<\/section>\n\t\t\t\t\t\t<\/div>\n\t\t\t\t\t<\/div>\n\t\t","protected":false},"excerpt":{"rendered":"<p>Prin combina\u021bia de texturi, culori, detalii, colec\u021bia reflect\u0103 emo\u021biile diverse sim\u021bite de c\u0103tre femeia \u201cChaotic\u201d din tine. Fiecare pies\u0103 este confec\u021bionat\u0103 cu grij\u0103, prezent\u00e2nd elemente memorabile precum aplica\u021bii glamour, pliseuri juc\u0103u\u0219e, funde feminine. Deci, pe [&hellip;]<\/p>\n","protected":false},"author":1,"featured_media":0,"parent":4137,"menu_order":0,"comment_status":"closed","ping_status":"closed","template":"template-builder.php","meta":{"footnotes":""},"class_list":["post-4156","page","type-page","status-publish","hentry"],"yoast_head":"<!-- This site is optimized with the Yoast SEO plugin v18.1 - https:\/\/yoast.com\/wordpress\/plugins\/seo\/ -->\n<title>Emotions - Chaotic<\/title>\n<meta name=\"robots\" content=\"index, follow, max-snippet:-1, max-image-preview:large, max-video-preview:-1\" \/>\n<link rel=\"canonical\" href=\"https:\/\/chaotic.ro\/ro\/colectii\/emotions\/\" \/>\n<meta property=\"og:locale\" content=\"ro_RO\" \/>\n<meta property=\"og:type\" content=\"article\" \/>\n<meta property=\"og:title\" content=\"Emotions - Chaotic\" \/>\n<meta property=\"og:description\" content=\"Prin combina\u021bia de texturi, culori, detalii, colec\u021bia reflect\u0103 emo\u021biile diverse sim\u021bite de c\u0103tre femeia \u201cChaotic\u201d din tine. Fiecare pies\u0103 este confec\u021bionat\u0103 cu grij\u0103, prezent\u00e2nd elemente memorabile precum aplica\u021bii glamour, pliseuri juc\u0103u\u0219e, funde feminine. Deci, pe [&hellip;]\" \/>\n<meta property=\"og:url\" content=\"https:\/\/chaotic.ro\/ro\/colectii\/emotions\/\" \/>\n<meta property=\"og:site_name\" content=\"Chaotic\" \/>\n<meta property=\"article:modified_time\" content=\"2021-12-14T12:04:39+00:00\" \/>\n<meta name=\"twitter:card\" content=\"summary_large_image\" \/>\n<script type=\"application\/ld+json\" class=\"yoast-schema-graph\">{\"@context\":\"https:\/\/schema.org\",\"@graph\":[{\"@type\":\"Organization\",\"@id\":\"https:\/\/chaotic.ro\/#organization\",\"name\":\"Chaotic\",\"url\":\"https:\/\/chaotic.ro\/\",\"sameAs\":[],\"logo\":{\"@type\":\"ImageObject\",\"@id\":\"https:\/\/chaotic.ro\/#logo\",\"inLanguage\":\"ro-RO\",\"url\":\"https:\/\/chaotic.ro\/wp-content\/uploads\/2021\/07\/Chaotic-Logo-Black.png\",\"contentUrl\":\"https:\/\/chaotic.ro\/wp-content\/uploads\/2021\/07\/Chaotic-Logo-Black.png\",\"width\":250,\"height\":50,\"caption\":\"Chaotic\"},\"image\":{\"@id\":\"https:\/\/chaotic.ro\/#logo\"}},{\"@type\":\"WebSite\",\"@id\":\"https:\/\/chaotic.ro\/#website\",\"url\":\"https:\/\/chaotic.ro\/\",\"name\":\"Chaotic\",\"description\":\"Wear your chaos with courage and pride\",\"publisher\":{\"@id\":\"https:\/\/chaotic.ro\/#organization\"},\"potentialAction\":[{\"@type\":\"SearchAction\",\"target\":{\"@type\":\"EntryPoint\",\"urlTemplate\":\"https:\/\/chaotic.ro\/?s={search_term_string}\"},\"query-input\":\"required name=search_term_string\"}],\"inLanguage\":\"ro-RO\"},{\"@type\":\"WebPage\",\"@id\":\"https:\/\/chaotic.ro\/ro\/colectii\/emotions\/#webpage\",\"url\":\"https:\/\/chaotic.ro\/ro\/colectii\/emotions\/\",\"name\":\"Emotions - Chaotic\",\"isPartOf\":{\"@id\":\"https:\/\/chaotic.ro\/#website\"},\"datePublished\":\"2021-11-15T14:16:33+00:00\",\"dateModified\":\"2021-12-14T12:04:39+00:00\",\"breadcrumb\":{\"@id\":\"https:\/\/chaotic.ro\/ro\/colectii\/emotions\/#breadcrumb\"},\"inLanguage\":\"ro-RO\",\"potentialAction\":[{\"@type\":\"ReadAction\",\"target\":[\"https:\/\/chaotic.ro\/ro\/colectii\/emotions\/\"]}]},{\"@type\":\"BreadcrumbList\",\"@id\":\"https:\/\/chaotic.ro\/ro\/colectii\/emotions\/#breadcrumb\",\"itemListElement\":[{\"@type\":\"ListItem\",\"position\":1,\"name\":\"Home\",\"item\":\"https:\/\/chaotic.ro\/ro\/pagina-principala\/\"},{\"@type\":\"ListItem\",\"position\":2,\"name\":\"Colec\u021bii\",\"item\":\"https:\/\/chaotic.ro\/ro\/colectii\/\"},{\"@type\":\"ListItem\",\"position\":3,\"name\":\"Emotions\"}]}]}<\/script>\n<!-- \/ Yoast SEO plugin. -->","yoast_head_json":{"title":"Emotions - Chaotic","robots":{"index":"index","follow":"follow","max-snippet":"max-snippet:-1","max-image-preview":"max-image-preview:large","max-video-preview":"max-video-preview:-1"},"canonical":"https:\/\/chaotic.ro\/ro\/colectii\/emotions\/","og_locale":"ro_RO","og_type":"article","og_title":"Emotions - Chaotic","og_description":"Prin combina\u021bia de texturi, culori, detalii, colec\u021bia reflect\u0103 emo\u021biile diverse sim\u021bite de c\u0103tre femeia \u201cChaotic\u201d din tine. Fiecare pies\u0103 este confec\u021bionat\u0103 cu grij\u0103, prezent\u00e2nd elemente memorabile precum aplica\u021bii glamour, pliseuri juc\u0103u\u0219e, funde feminine. Deci, pe [&hellip;]","og_url":"https:\/\/chaotic.ro\/ro\/colectii\/emotions\/","og_site_name":"Chaotic","article_modified_time":"2021-12-14T12:04:39+00:00","twitter_card":"summary_large_image","schema":{"@context":"https:\/\/schema.org","@graph":[{"@type":"Organization","@id":"https:\/\/chaotic.ro\/#organization","name":"Chaotic","url":"https:\/\/chaotic.ro\/","sameAs":[],"logo":{"@type":"ImageObject","@id":"https:\/\/chaotic.ro\/#logo","inLanguage":"ro-RO","url":"https:\/\/chaotic.ro\/wp-content\/uploads\/2021\/07\/Chaotic-Logo-Black.png","contentUrl":"https:\/\/chaotic.ro\/wp-content\/uploads\/2021\/07\/Chaotic-Logo-Black.png","width":250,"height":50,"caption":"Chaotic"},"image":{"@id":"https:\/\/chaotic.ro\/#logo"}},{"@type":"WebSite","@id":"https:\/\/chaotic.ro\/#website","url":"https:\/\/chaotic.ro\/","name":"Chaotic","description":"Wear your chaos with courage and pride","publisher":{"@id":"https:\/\/chaotic.ro\/#organization"},"potentialAction":[{"@type":"SearchAction","target":{"@type":"EntryPoint","urlTemplate":"https:\/\/chaotic.ro\/?s={search_term_string}"},"query-input":"required name=search_term_string"}],"inLanguage":"ro-RO"},{"@type":"WebPage","@id":"https:\/\/chaotic.ro\/ro\/colectii\/emotions\/#webpage","url":"https:\/\/chaotic.ro\/ro\/colectii\/emotions\/","name":"Emotions - Chaotic","isPartOf":{"@id":"https:\/\/chaotic.ro\/#website"},"datePublished":"2021-11-15T14:16:33+00:00","dateModified":"2021-12-14T12:04:39+00:00","breadcrumb":{"@id":"https:\/\/chaotic.ro\/ro\/colectii\/emotions\/#breadcrumb"},"inLanguage":"ro-RO","potentialAction":[{"@type":"ReadAction","target":["https:\/\/chaotic.ro\/ro\/colectii\/emotions\/"]}]},{"@type":"BreadcrumbList","@id":"https:\/\/chaotic.ro\/ro\/colectii\/emotions\/#breadcrumb","itemListElement":[{"@type":"ListItem","position":1,"name":"Home","item":"https:\/\/chaotic.ro\/ro\/pagina-principala\/"},{"@type":"ListItem","position":2,"name":"Colec\u021bii","item":"https:\/\/chaotic.ro\/ro\/colectii\/"},{"@type":"ListItem","position":3,"name":"Emotions"}]}]}},"_links":{"self":[{"href":"https:\/\/chaotic.ro\/ro\/wp-json\/wp\/v2\/pages\/4156","targetHints":{"allow":["GET"]}}],"collection":[{"href":"https:\/\/chaotic.ro\/ro\/wp-json\/wp\/v2\/pages"}],"about":[{"href":"https:\/\/chaotic.ro\/ro\/wp-json\/wp\/v2\/types\/page"}],"author":[{"embeddable":true,"href":"https:\/\/chaotic.ro\/ro\/wp-json\/wp\/v2\/users\/1"}],"replies":[{"embeddable":true,"href":"https:\/\/chaotic.ro\/ro\/wp-json\/wp\/v2\/comments?post=4156"}],"version-history":[{"count":5,"href":"https:\/\/chaotic.ro\/ro\/wp-json\/wp\/v2\/pages\/4156\/revisions"}],"predecessor-version":[{"id":4946,"href":"https:\/\/chaotic.ro\/ro\/wp-json\/wp\/v2\/pages\/4156\/revisions\/4946"}],"up":[{"embeddable":true,"href":"https:\/\/chaotic.ro\/ro\/wp-json\/wp\/v2\/pages\/4137"}],"wp:attachment":[{"href":"https:\/\/chaotic.ro\/ro\/wp-json\/wp\/v2\/media?parent=4156"}],"curies":[{"name":"wp","href":"https:\/\/api.w.org\/{rel}","templated":true}]}}