{"id":4239,"date":"2021-11-23T13:26:57","date_gmt":"2021-11-23T11:26:57","guid":{"rendered":"https:\/\/chaotic.ro\/retururi-si-schimburi\/"},"modified":"2021-11-23T13:38:03","modified_gmt":"2021-11-23T11:38:03","slug":"retururi-si-schimburi","status":"publish","type":"page","link":"https:\/\/chaotic.ro\/ro\/retururi-si-schimburi\/","title":{"rendered":"Retururi \u0219i schimburi"},"content":{"rendered":"\t\t<div data-elementor-type=\"wp-page\" data-elementor-id=\"4239\" class=\"elementor elementor-4239 elementor-582\" data-elementor-settings=\"[]\">\n\t\t\t\t\t\t\t<div class=\"elementor-section-wrap\">\n\t\t\t\t\t\t\t<section class=\"elementor-section elementor-top-section elementor-element elementor-element-e030a69 rey-section-stretched elementor-section-full_width elementor-section-content-bottom elementor-section-gap-default elementor-section-height-default elementor-section-height-default\" data-id=\"e030a69\" data-element_type=\"section\">\n\t\t\t\t\t\t<div class=\"elementor-container elementor-column-gap-default\">\n\t\t\t\t\t<div class=\"elementor-column elementor-col-100 elementor-top-column elementor-element elementor-element-aeee943\" data-id=\"aeee943\" data-element_type=\"column\">\n\t\t\t<div class=\"elementor-column-wrap--aeee943 elementor-widget-wrap elementor-element-populated\">\n\t\t\t\t\t\t\t\t<div class=\"elementor-element elementor-element-efd828b elementor-widget elementor-widget-heading\" data-id=\"efd828b\" data-element_type=\"widget\" data-widget_type=\"heading.default\">\n\t\t\t\t<div class=\"elementor-widget-container\">\n\t\t\t<h1 class=\"elementor-heading-title elementor-size-xxl\">Retururi \u0219i schimburi<\/h1>\t\t<\/div>\n\t\t\t\t<\/div>\n\t\t\t\t\t<\/div>\n\t\t<\/div>\n\t\t\t\t\t\t\t<\/div>\n\t\t<\/section>\n\t\t\t\t<section class=\"elementor-section elementor-top-section elementor-element elementor-element-6d11597c rey-section-stretched elementor-section-boxed elementor-section-gap-default elementor-section-height-default elementor-section-height-default\" data-id=\"6d11597c\" data-element_type=\"section\">\n\t\t\t\t\t\t<div class=\"elementor-container elementor-column-gap-default\">\n\t\t\t\t\t<div class=\"elementor-column elementor-col-100 elementor-top-column elementor-element elementor-element-1c7d8e15\" data-id=\"1c7d8e15\" data-element_type=\"column\">\n\t\t\t<div class=\"elementor-column-wrap--1c7d8e15 elementor-widget-wrap elementor-element-populated\">\n\t\t\t\t\t\t\t\t<div class=\"elementor-element elementor-element-66c7a108 u-links-anim-ul elementor-widget elementor-widget-text-editor\" data-id=\"66c7a108\" data-element_type=\"widget\" data-widget_type=\"text-editor.default\">\n\t\t\t\t<div class=\"elementor-widget-container\">\n\t\t\t\t\t\t\t<p>Ave\u021bi \u00eentotdeauna dreptul de a anula comanda \u00een termen de 30 de zile, f\u0103r\u0103 a invoca niciun motiv. Perioada de anulare a comenzii \u00eencepe din ziua livr\u0103rii comenzii.<\/p>\n<p>Dac\u0103 dori\u021bi s\u0103 returna\u021bi ceva, v\u0103 rug\u0103m s\u0103 desc\u0103rca\u021bi formularul disponibil pe site <a href=\"#\">aici.<\/a> <\/p>\n<p>Costurile de transport ale coletului care contine articolele returnate vor fi platite de catre client. Transportul se va face prin servicii de curierat iar coletul va fi livrat la Chaotic la Str. Dr. Nicolae Tomescu nr. 23, parter, sector 5, Bucuresti.<\/p>\n<p>Clientul este responsabil pentru orice sc\u0103dere a valorii m\u0103rfurilor. \u00cen acest caz, se va returna doar 25% din valoarea ini\u021bial\u0103 a produsului.<\/p>\n<p>Dup\u0103 ce primim transportul de retur trimis de dumneavoastr\u0103 c\u0103tre depozitul nostru, v\u0103 vom trimite o notificare de retur prin e-mail care confirm\u0103 primirea coletului.<\/p>\n<p>Dac\u0103 returna\u021bi un articol, valoarea acestuia v\u0103 va fi rambursat\u0103 utiliz\u00e2nd metoda de plat\u0103 pe care a\u021bi folosit-o ini\u021bial, cu excep\u021bia costului de transport pentru retur. Achizi\u021biile pl\u0103tite cu cardul vor fi, \u00een cele mai multe cazuri, rambursate pe cardul dumneavoastr\u0103, iar pentru rambursarea celor pl\u0103tite prin metoda Ramburs trebuie s\u0103 ne furniza\u021bi datele dumneavoastr\u0103 bancare.<\/p>\n<p>Pentru a efectua rambursarea, v\u0103 rug\u0103m s\u0103 lua\u021bi \u00een considerare trimiterea datelor de mai jos:<\/p>\n<ol>\n<li>Contul bancar \u0219i numele titularului<\/li>\n<\/ol>\n<ul>\n<li>Putem rambursa doar intr-un cont bancar romanesc<\/li>\n<li>Vom rambursa \u00een LEI<\/li>\n<li>Lenjeria \u0219i\/sau costumele de baie nu pot fi returnate.<\/li>\n<\/ul>\n<p>Pentru sugestii, intrebari sau reclamatii ne puteti contacta la numarul de telefon +40 (756) 771 771 sau la adresa de e-mail office@chaotic.ro<\/p>\n\t\t\t\t\t\t<\/div>\n\t\t\t\t<\/div>\n\t\t\t\t\t<\/div>\n\t\t<\/div>\n\t\t\t\t\t\t\t<\/div>\n\t\t<\/section>\n\t\t\t\t\t\t<\/div>\n\t\t\t\t\t<\/div>\n\t\t","protected":false},"excerpt":{"rendered":"<p>Ave\u021bi \u00eentotdeauna dreptul de a anula comanda \u00een termen de 30 de zile, f\u0103r\u0103 a invoca niciun motiv. Perioada de anulare a comenzii \u00eencepe din ziua livr\u0103rii comenzii. Dac\u0103 dori\u021bi s\u0103 returna\u021bi ceva, v\u0103 rug\u0103m [&hellip;]<\/p>\n","protected":false},"author":1,"featured_media":0,"parent":0,"menu_order":0,"comment_status":"closed","ping_status":"closed","template":"template-builder.php","meta":{"footnotes":""},"class_list":["post-4239","page","type-page","status-publish","hentry"],"yoast_head":"<!-- This site is optimized with the Yoast SEO plugin v18.1 - https:\/\/yoast.com\/wordpress\/plugins\/seo\/ -->\n<title>Retururi \u0219i schimburi - Chaotic<\/title>\n<meta name=\"robots\" content=\"index, follow, max-snippet:-1, max-image-preview:large, max-video-preview:-1\" \/>\n<link rel=\"canonical\" href=\"https:\/\/chaotic.ro\/ro\/retururi-si-schimburi\/\" \/>\n<meta property=\"og:locale\" content=\"ro_RO\" \/>\n<meta property=\"og:type\" content=\"article\" \/>\n<meta property=\"og:title\" content=\"Retururi \u0219i schimburi - Chaotic\" \/>\n<meta property=\"og:description\" content=\"Ave\u021bi \u00eentotdeauna dreptul de a anula comanda \u00een termen de 30 de zile, f\u0103r\u0103 a invoca niciun motiv. Perioada de anulare a comenzii \u00eencepe din ziua livr\u0103rii comenzii. Dac\u0103 dori\u021bi s\u0103 returna\u021bi ceva, v\u0103 rug\u0103m [&hellip;]\" \/>\n<meta property=\"og:url\" content=\"https:\/\/chaotic.ro\/ro\/retururi-si-schimburi\/\" \/>\n<meta property=\"og:site_name\" content=\"Chaotic\" \/>\n<meta property=\"article:modified_time\" content=\"2021-11-23T11:38:03+00:00\" \/>\n<meta name=\"twitter:card\" content=\"summary_large_image\" \/>\n<meta name=\"twitter:label1\" content=\"Timp estimat pentru citire\" \/>\n\t<meta name=\"twitter:data1\" content=\"1 minut\" \/>\n<script type=\"application\/ld+json\" class=\"yoast-schema-graph\">{\"@context\":\"https:\/\/schema.org\",\"@graph\":[{\"@type\":\"Organization\",\"@id\":\"https:\/\/chaotic.ro\/#organization\",\"name\":\"Chaotic\",\"url\":\"https:\/\/chaotic.ro\/\",\"sameAs\":[],\"logo\":{\"@type\":\"ImageObject\",\"@id\":\"https:\/\/chaotic.ro\/#logo\",\"inLanguage\":\"ro-RO\",\"url\":\"https:\/\/chaotic.ro\/wp-content\/uploads\/2021\/07\/Chaotic-Logo-Black.png\",\"contentUrl\":\"https:\/\/chaotic.ro\/wp-content\/uploads\/2021\/07\/Chaotic-Logo-Black.png\",\"width\":250,\"height\":50,\"caption\":\"Chaotic\"},\"image\":{\"@id\":\"https:\/\/chaotic.ro\/#logo\"}},{\"@type\":\"WebSite\",\"@id\":\"https:\/\/chaotic.ro\/#website\",\"url\":\"https:\/\/chaotic.ro\/\",\"name\":\"Chaotic\",\"description\":\"Wear your chaos with courage and pride\",\"publisher\":{\"@id\":\"https:\/\/chaotic.ro\/#organization\"},\"potentialAction\":[{\"@type\":\"SearchAction\",\"target\":{\"@type\":\"EntryPoint\",\"urlTemplate\":\"https:\/\/chaotic.ro\/?s={search_term_string}\"},\"query-input\":\"required name=search_term_string\"}],\"inLanguage\":\"ro-RO\"},{\"@type\":\"WebPage\",\"@id\":\"https:\/\/chaotic.ro\/ro\/retururi-si-schimburi\/#webpage\",\"url\":\"https:\/\/chaotic.ro\/ro\/retururi-si-schimburi\/\",\"name\":\"Retururi \u0219i schimburi - Chaotic\",\"isPartOf\":{\"@id\":\"https:\/\/chaotic.ro\/#website\"},\"datePublished\":\"2021-11-23T11:26:57+00:00\",\"dateModified\":\"2021-11-23T11:38:03+00:00\",\"breadcrumb\":{\"@id\":\"https:\/\/chaotic.ro\/ro\/retururi-si-schimburi\/#breadcrumb\"},\"inLanguage\":\"ro-RO\",\"potentialAction\":[{\"@type\":\"ReadAction\",\"target\":[\"https:\/\/chaotic.ro\/ro\/retururi-si-schimburi\/\"]}]},{\"@type\":\"BreadcrumbList\",\"@id\":\"https:\/\/chaotic.ro\/ro\/retururi-si-schimburi\/#breadcrumb\",\"itemListElement\":[{\"@type\":\"ListItem\",\"position\":1,\"name\":\"Home\",\"item\":\"https:\/\/chaotic.ro\/ro\/pagina-principala\/\"},{\"@type\":\"ListItem\",\"position\":2,\"name\":\"Retururi \u0219i schimburi\"}]}]}<\/script>\n<!-- \/ Yoast SEO plugin. -->","yoast_head_json":{"title":"Retururi \u0219i schimburi - Chaotic","robots":{"index":"index","follow":"follow","max-snippet":"max-snippet:-1","max-image-preview":"max-image-preview:large","max-video-preview":"max-video-preview:-1"},"canonical":"https:\/\/chaotic.ro\/ro\/retururi-si-schimburi\/","og_locale":"ro_RO","og_type":"article","og_title":"Retururi \u0219i schimburi - Chaotic","og_description":"Ave\u021bi \u00eentotdeauna dreptul de a anula comanda \u00een termen de 30 de zile, f\u0103r\u0103 a invoca niciun motiv. Perioada de anulare a comenzii \u00eencepe din ziua livr\u0103rii comenzii. Dac\u0103 dori\u021bi s\u0103 returna\u021bi ceva, v\u0103 rug\u0103m [&hellip;]","og_url":"https:\/\/chaotic.ro\/ro\/retururi-si-schimburi\/","og_site_name":"Chaotic","article_modified_time":"2021-11-23T11:38:03+00:00","twitter_card":"summary_large_image","twitter_misc":{"Timp estimat pentru citire":"1 minut"},"schema":{"@context":"https:\/\/schema.org","@graph":[{"@type":"Organization","@id":"https:\/\/chaotic.ro\/#organization","name":"Chaotic","url":"https:\/\/chaotic.ro\/","sameAs":[],"logo":{"@type":"ImageObject","@id":"https:\/\/chaotic.ro\/#logo","inLanguage":"ro-RO","url":"https:\/\/chaotic.ro\/wp-content\/uploads\/2021\/07\/Chaotic-Logo-Black.png","contentUrl":"https:\/\/chaotic.ro\/wp-content\/uploads\/2021\/07\/Chaotic-Logo-Black.png","width":250,"height":50,"caption":"Chaotic"},"image":{"@id":"https:\/\/chaotic.ro\/#logo"}},{"@type":"WebSite","@id":"https:\/\/chaotic.ro\/#website","url":"https:\/\/chaotic.ro\/","name":"Chaotic","description":"Wear your chaos with courage and pride","publisher":{"@id":"https:\/\/chaotic.ro\/#organization"},"potentialAction":[{"@type":"SearchAction","target":{"@type":"EntryPoint","urlTemplate":"https:\/\/chaotic.ro\/?s={search_term_string}"},"query-input":"required name=search_term_string"}],"inLanguage":"ro-RO"},{"@type":"WebPage","@id":"https:\/\/chaotic.ro\/ro\/retururi-si-schimburi\/#webpage","url":"https:\/\/chaotic.ro\/ro\/retururi-si-schimburi\/","name":"Retururi \u0219i schimburi - Chaotic","isPartOf":{"@id":"https:\/\/chaotic.ro\/#website"},"datePublished":"2021-11-23T11:26:57+00:00","dateModified":"2021-11-23T11:38:03+00:00","breadcrumb":{"@id":"https:\/\/chaotic.ro\/ro\/retururi-si-schimburi\/#breadcrumb"},"inLanguage":"ro-RO","potentialAction":[{"@type":"ReadAction","target":["https:\/\/chaotic.ro\/ro\/retururi-si-schimburi\/"]}]},{"@type":"BreadcrumbList","@id":"https:\/\/chaotic.ro\/ro\/retururi-si-schimburi\/#breadcrumb","itemListElement":[{"@type":"ListItem","position":1,"name":"Home","item":"https:\/\/chaotic.ro\/ro\/pagina-principala\/"},{"@type":"ListItem","position":2,"name":"Retururi \u0219i schimburi"}]}]}},"_links":{"self":[{"href":"https:\/\/chaotic.ro\/ro\/wp-json\/wp\/v2\/pages\/4239","targetHints":{"allow":["GET"]}}],"collection":[{"href":"https:\/\/chaotic.ro\/ro\/wp-json\/wp\/v2\/pages"}],"about":[{"href":"https:\/\/chaotic.ro\/ro\/wp-json\/wp\/v2\/types\/page"}],"author":[{"embeddable":true,"href":"https:\/\/chaotic.ro\/ro\/wp-json\/wp\/v2\/users\/1"}],"replies":[{"embeddable":true,"href":"https:\/\/chaotic.ro\/ro\/wp-json\/wp\/v2\/comments?post=4239"}],"version-history":[{"count":3,"href":"https:\/\/chaotic.ro\/ro\/wp-json\/wp\/v2\/pages\/4239\/revisions"}],"predecessor-version":[{"id":4249,"href":"https:\/\/chaotic.ro\/ro\/wp-json\/wp\/v2\/pages\/4239\/revisions\/4249"}],"wp:attachment":[{"href":"https:\/\/chaotic.ro\/ro\/wp-json\/wp\/v2\/media?parent=4239"}],"curies":[{"name":"wp","href":"https:\/\/api.w.org\/{rel}","templated":true}]}}