{"id":4243,"date":"2021-11-23T13:33:37","date_gmt":"2021-11-23T11:33:37","guid":{"rendered":"https:\/\/chaotic.ro\/livrare-si-plata\/"},"modified":"2021-12-08T09:27:09","modified_gmt":"2021-12-08T07:27:09","slug":"livrare-si-plata","status":"publish","type":"page","link":"https:\/\/chaotic.ro\/ro\/livrare-si-plata\/","title":{"rendered":"Livrare si Plata"},"content":{"rendered":"\t\t<div data-elementor-type=\"wp-post\" data-elementor-id=\"4243\" class=\"elementor elementor-4243 elementor-584\" data-elementor-settings=\"[]\">\n\t\t\t\t\t\t\t<div class=\"elementor-section-wrap\">\n\t\t\t\t\t\t\t<section class=\"elementor-section elementor-top-section elementor-element elementor-element-d8e78dd rey-section-stretched elementor-section-full_width elementor-section-content-bottom elementor-section-gap-default elementor-section-height-default elementor-section-height-default\" data-id=\"d8e78dd\" data-element_type=\"section\">\n\t\t\t\t\t\t<div class=\"elementor-container elementor-column-gap-default\">\n\t\t\t\t\t<div class=\"elementor-column elementor-col-100 elementor-top-column elementor-element elementor-element-332e0ec\" data-id=\"332e0ec\" data-element_type=\"column\">\n\t\t\t<div class=\"elementor-column-wrap--332e0ec elementor-widget-wrap elementor-element-populated\">\n\t\t\t\t\t\t\t\t<div class=\"elementor-element elementor-element-66ec7f5 elementor-widget elementor-widget-heading\" data-id=\"66ec7f5\" data-element_type=\"widget\" data-widget_type=\"heading.default\">\n\t\t\t\t<div class=\"elementor-widget-container\">\n\t\t\t<h1 class=\"elementor-heading-title elementor-size-xl\">Livrare si Plata<\/h1>\t\t<\/div>\n\t\t\t\t<\/div>\n\t\t\t\t\t<\/div>\n\t\t<\/div>\n\t\t\t\t\t\t\t<\/div>\n\t\t<\/section>\n\t\t\t\t<section class=\"elementor-section elementor-top-section elementor-element elementor-element-4b5c55b elementor-section-boxed elementor-section-gap-default elementor-section-height-default elementor-section-height-default\" data-id=\"4b5c55b\" data-element_type=\"section\">\n\t\t\t\t\t\t<div class=\"elementor-container elementor-column-gap-default\">\n\t\t\t\t\t<div class=\"elementor-column elementor-col-100 elementor-top-column elementor-element elementor-element-9c14508\" data-id=\"9c14508\" data-element_type=\"column\">\n\t\t\t<div class=\"elementor-column-wrap--9c14508 elementor-widget-wrap elementor-element-populated\">\n\t\t\t\t\t\t\t\t<div class=\"elementor-element elementor-element-a0bb62e elementor-widget elementor-widget-heading\" data-id=\"a0bb62e\" data-element_type=\"widget\" data-widget_type=\"heading.default\">\n\t\t\t\t<div class=\"elementor-widget-container\">\n\t\t\t<h2 class=\"elementor-heading-title elementor-size-default\">LIVRARE<\/h2>\t\t<\/div>\n\t\t\t\t<\/div>\n\t\t\t\t<div class=\"elementor-element elementor-element-2beb54d u-links-anim-ul elementor-widget elementor-widget-text-editor\" data-id=\"2beb54d\" data-element_type=\"widget\" data-widget_type=\"text-editor.default\">\n\t\t\t\t<div class=\"elementor-widget-container\">\n\t\t\t\t\t\t\t<table><thead><tr><th style=\"float: left;\">Regiune<\/th><th>Taxa de transport<\/th><\/tr><\/thead><tbody><tr><td>Romania<\/td><td>Livrare gratuita<\/td><\/tr><tr><td>UNIUNEA EUROPEAN\u0102 (Cipru, Austria, Belgia, Bulgaria, Croa\u021bia, Republica Ceh\u0103, Danemarca, Estonia, Finlanda, Fran\u021ba, Germania, Grecia, Ungaria, Irlanda, Italia, Letonia, Lituania, Luxemburg, Malta, \u021a\u0103rile de Jos, Polonia, Portugalia, Slovacia, Slovenia, Spania, Suedia)<\/td><td>190 LEI<\/td><\/tr><tr><td>RESTUL EUROPEI (Albania, Belarus, Andorra, Bosnia \u0219i Her\u021begovina, Insulele Feroe, Gibraltar, Guernsey, Islanda, Liechtenstein, Moldova, Monaco, Muntenegru, Macedonia de Nord, Norvegia, San Marino, Serbia, Elve\u021bia, Ucraina, Vatican)<\/td><td>285 LEI<\/td><\/tr><tr><td>WORLDWIDE<\/td><td>380 LEI<\/td><\/tr><\/tbody><\/table>\t\t\t\t\t\t<\/div>\n\t\t\t\t<\/div>\n\t\t\t\t\t<\/div>\n\t\t<\/div>\n\t\t\t\t\t\t\t<\/div>\n\t\t<\/section>\n\t\t\t\t<section class=\"elementor-section elementor-top-section elementor-element elementor-element-17aa849 elementor-section-boxed elementor-section-gap-default elementor-section-height-default elementor-section-height-default\" data-id=\"17aa849\" data-element_type=\"section\">\n\t\t\t\t\t\t<div class=\"elementor-container elementor-column-gap-default\">\n\t\t\t\t\t<div class=\"elementor-column elementor-col-100 elementor-top-column elementor-element elementor-element-7749433\" data-id=\"7749433\" data-element_type=\"column\">\n\t\t\t<div class=\"elementor-column-wrap--7749433 elementor-widget-wrap elementor-element-populated\">\n\t\t\t\t\t\t\t\t<div class=\"elementor-element elementor-element-45391e4 elementor-widget elementor-widget-heading\" data-id=\"45391e4\" data-element_type=\"widget\" data-widget_type=\"heading.default\">\n\t\t\t\t<div class=\"elementor-widget-container\">\n\t\t\t<h2 class=\"elementor-heading-title elementor-size-default\">Metode de plata<\/h2>\t\t<\/div>\n\t\t\t\t<\/div>\n\t\t\t\t<div class=\"elementor-element elementor-element-f023238 u-links-anim-ul elementor-widget elementor-widget-text-editor\" data-id=\"f023238\" data-element_type=\"widget\" data-widget_type=\"text-editor.default\">\n\t\t\t\t<div class=\"elementor-widget-container\">\n\t\t\t\t\t\t\t<p>Exist\u0103 dou\u0103 op\u021biuni de plat\u0103 disponibile \u00een numerar la livrare \u0219i plata cu cardul. Pute\u021bi alege metoda de plat\u0103 care func\u021bioneaz\u0103 cel mai bine pentru dvs. pe pagina de finalizare a comenzii.<\/p>\n<p><strong>Plata la livrare<\/strong><\/p>\n<p>Pl\u0103ti\u021bi cash c\u00e2nd primi\u021bi comanda. Plata trebuie efectuat\u0103 c\u0103tre reprezentantul serviciului de curierat. Pentru a facilita tranzac\u021bia, v\u0103 recomand\u0103m s\u0103 ave\u021bi suma exact\u0103 de numerar \u00een func\u021bie de costul comenzii dumneavoastr\u0103.<\/p>\n<p><strong>Plata cu cardul<\/strong><\/p>\n<p>Accept\u0103m carduri Mastercard, Visa, Maestro \u0219i Visa Electron. Pentru securitatea ta, toate tranzac\u021biile sunt criptate. Cardul dumneavoastr\u0103 va fi debitat \u00eenainte de livrarea comenzii.<\/p>\n\t\t\t\t\t\t<\/div>\n\t\t\t\t<\/div>\n\t\t\t\t\t<\/div>\n\t\t<\/div>\n\t\t\t\t\t\t\t<\/div>\n\t\t<\/section>\n\t\t\t\t\t\t<\/div>\n\t\t\t\t\t<\/div>\n\t\t","protected":false},"excerpt":{"rendered":"<p>LIVRARE Regiune Taxa de transport Romania Livrare gratuita UNIUNEA EUROPEAN\u0102 (Cipru, Austria, Belgia, Bulgaria, Croa\u021bia, Republica Ceh\u0103, Danemarca, Estonia, Finlanda, Fran\u021ba, Germania, Grecia, Ungaria, Irlanda, Italia, Letonia, Lituania, Luxemburg, Malta, \u021a\u0103rile de Jos, Polonia, Portugalia, [&hellip;]<\/p>\n","protected":false},"author":1,"featured_media":0,"parent":0,"menu_order":0,"comment_status":"closed","ping_status":"closed","template":"template-builder.php","meta":{"footnotes":""},"class_list":["post-4243","page","type-page","status-publish","hentry"],"yoast_head":"<!-- This site is optimized with the Yoast SEO plugin v18.1 - https:\/\/yoast.com\/wordpress\/plugins\/seo\/ -->\n<title>Livrare si Plata - Chaotic<\/title>\n<meta name=\"robots\" content=\"index, follow, max-snippet:-1, max-image-preview:large, max-video-preview:-1\" \/>\n<link rel=\"canonical\" href=\"https:\/\/chaotic.ro\/ro\/livrare-si-plata\/\" \/>\n<meta property=\"og:locale\" content=\"ro_RO\" \/>\n<meta property=\"og:type\" content=\"article\" \/>\n<meta property=\"og:title\" content=\"Livrare si Plata - Chaotic\" \/>\n<meta property=\"og:description\" content=\"LIVRARE Regiune Taxa de transport Romania Livrare gratuita UNIUNEA EUROPEAN\u0102 (Cipru, Austria, Belgia, Bulgaria, Croa\u021bia, Republica Ceh\u0103, Danemarca, Estonia, Finlanda, Fran\u021ba, Germania, Grecia, Ungaria, Irlanda, Italia, Letonia, Lituania, Luxemburg, Malta, \u021a\u0103rile de Jos, Polonia, Portugalia, [&hellip;]\" \/>\n<meta property=\"og:url\" content=\"https:\/\/chaotic.ro\/ro\/livrare-si-plata\/\" \/>\n<meta property=\"og:site_name\" content=\"Chaotic\" \/>\n<meta property=\"article:modified_time\" content=\"2021-12-08T07:27:09+00:00\" \/>\n<meta name=\"twitter:card\" content=\"summary_large_image\" \/>\n<meta name=\"twitter:label1\" content=\"Timp estimat pentru citire\" \/>\n\t<meta name=\"twitter:data1\" content=\"1 minut\" \/>\n<script type=\"application\/ld+json\" class=\"yoast-schema-graph\">{\"@context\":\"https:\/\/schema.org\",\"@graph\":[{\"@type\":\"Organization\",\"@id\":\"https:\/\/chaotic.ro\/#organization\",\"name\":\"Chaotic\",\"url\":\"https:\/\/chaotic.ro\/\",\"sameAs\":[],\"logo\":{\"@type\":\"ImageObject\",\"@id\":\"https:\/\/chaotic.ro\/#logo\",\"inLanguage\":\"ro-RO\",\"url\":\"https:\/\/chaotic.ro\/wp-content\/uploads\/2021\/07\/Chaotic-Logo-Black.png\",\"contentUrl\":\"https:\/\/chaotic.ro\/wp-content\/uploads\/2021\/07\/Chaotic-Logo-Black.png\",\"width\":250,\"height\":50,\"caption\":\"Chaotic\"},\"image\":{\"@id\":\"https:\/\/chaotic.ro\/#logo\"}},{\"@type\":\"WebSite\",\"@id\":\"https:\/\/chaotic.ro\/#website\",\"url\":\"https:\/\/chaotic.ro\/\",\"name\":\"Chaotic\",\"description\":\"Wear your chaos with courage and pride\",\"publisher\":{\"@id\":\"https:\/\/chaotic.ro\/#organization\"},\"potentialAction\":[{\"@type\":\"SearchAction\",\"target\":{\"@type\":\"EntryPoint\",\"urlTemplate\":\"https:\/\/chaotic.ro\/?s={search_term_string}\"},\"query-input\":\"required name=search_term_string\"}],\"inLanguage\":\"ro-RO\"},{\"@type\":\"WebPage\",\"@id\":\"https:\/\/chaotic.ro\/ro\/livrare-si-plata\/#webpage\",\"url\":\"https:\/\/chaotic.ro\/ro\/livrare-si-plata\/\",\"name\":\"Livrare si Plata - Chaotic\",\"isPartOf\":{\"@id\":\"https:\/\/chaotic.ro\/#website\"},\"datePublished\":\"2021-11-23T11:33:37+00:00\",\"dateModified\":\"2021-12-08T07:27:09+00:00\",\"breadcrumb\":{\"@id\":\"https:\/\/chaotic.ro\/ro\/livrare-si-plata\/#breadcrumb\"},\"inLanguage\":\"ro-RO\",\"potentialAction\":[{\"@type\":\"ReadAction\",\"target\":[\"https:\/\/chaotic.ro\/ro\/livrare-si-plata\/\"]}]},{\"@type\":\"BreadcrumbList\",\"@id\":\"https:\/\/chaotic.ro\/ro\/livrare-si-plata\/#breadcrumb\",\"itemListElement\":[{\"@type\":\"ListItem\",\"position\":1,\"name\":\"Home\",\"item\":\"https:\/\/chaotic.ro\/ro\/pagina-principala\/\"},{\"@type\":\"ListItem\",\"position\":2,\"name\":\"Livrare si Plata\"}]}]}<\/script>\n<!-- \/ Yoast SEO plugin. -->","yoast_head_json":{"title":"Livrare si Plata - Chaotic","robots":{"index":"index","follow":"follow","max-snippet":"max-snippet:-1","max-image-preview":"max-image-preview:large","max-video-preview":"max-video-preview:-1"},"canonical":"https:\/\/chaotic.ro\/ro\/livrare-si-plata\/","og_locale":"ro_RO","og_type":"article","og_title":"Livrare si Plata - Chaotic","og_description":"LIVRARE Regiune Taxa de transport Romania Livrare gratuita UNIUNEA EUROPEAN\u0102 (Cipru, Austria, Belgia, Bulgaria, Croa\u021bia, Republica Ceh\u0103, Danemarca, Estonia, Finlanda, Fran\u021ba, Germania, Grecia, Ungaria, Irlanda, Italia, Letonia, Lituania, Luxemburg, Malta, \u021a\u0103rile de Jos, Polonia, Portugalia, [&hellip;]","og_url":"https:\/\/chaotic.ro\/ro\/livrare-si-plata\/","og_site_name":"Chaotic","article_modified_time":"2021-12-08T07:27:09+00:00","twitter_card":"summary_large_image","twitter_misc":{"Timp estimat pentru citire":"1 minut"},"schema":{"@context":"https:\/\/schema.org","@graph":[{"@type":"Organization","@id":"https:\/\/chaotic.ro\/#organization","name":"Chaotic","url":"https:\/\/chaotic.ro\/","sameAs":[],"logo":{"@type":"ImageObject","@id":"https:\/\/chaotic.ro\/#logo","inLanguage":"ro-RO","url":"https:\/\/chaotic.ro\/wp-content\/uploads\/2021\/07\/Chaotic-Logo-Black.png","contentUrl":"https:\/\/chaotic.ro\/wp-content\/uploads\/2021\/07\/Chaotic-Logo-Black.png","width":250,"height":50,"caption":"Chaotic"},"image":{"@id":"https:\/\/chaotic.ro\/#logo"}},{"@type":"WebSite","@id":"https:\/\/chaotic.ro\/#website","url":"https:\/\/chaotic.ro\/","name":"Chaotic","description":"Wear your chaos with courage and pride","publisher":{"@id":"https:\/\/chaotic.ro\/#organization"},"potentialAction":[{"@type":"SearchAction","target":{"@type":"EntryPoint","urlTemplate":"https:\/\/chaotic.ro\/?s={search_term_string}"},"query-input":"required name=search_term_string"}],"inLanguage":"ro-RO"},{"@type":"WebPage","@id":"https:\/\/chaotic.ro\/ro\/livrare-si-plata\/#webpage","url":"https:\/\/chaotic.ro\/ro\/livrare-si-plata\/","name":"Livrare si Plata - Chaotic","isPartOf":{"@id":"https:\/\/chaotic.ro\/#website"},"datePublished":"2021-11-23T11:33:37+00:00","dateModified":"2021-12-08T07:27:09+00:00","breadcrumb":{"@id":"https:\/\/chaotic.ro\/ro\/livrare-si-plata\/#breadcrumb"},"inLanguage":"ro-RO","potentialAction":[{"@type":"ReadAction","target":["https:\/\/chaotic.ro\/ro\/livrare-si-plata\/"]}]},{"@type":"BreadcrumbList","@id":"https:\/\/chaotic.ro\/ro\/livrare-si-plata\/#breadcrumb","itemListElement":[{"@type":"ListItem","position":1,"name":"Home","item":"https:\/\/chaotic.ro\/ro\/pagina-principala\/"},{"@type":"ListItem","position":2,"name":"Livrare si Plata"}]}]}},"_links":{"self":[{"href":"https:\/\/chaotic.ro\/ro\/wp-json\/wp\/v2\/pages\/4243","targetHints":{"allow":["GET"]}}],"collection":[{"href":"https:\/\/chaotic.ro\/ro\/wp-json\/wp\/v2\/pages"}],"about":[{"href":"https:\/\/chaotic.ro\/ro\/wp-json\/wp\/v2\/types\/page"}],"author":[{"embeddable":true,"href":"https:\/\/chaotic.ro\/ro\/wp-json\/wp\/v2\/users\/1"}],"replies":[{"embeddable":true,"href":"https:\/\/chaotic.ro\/ro\/wp-json\/wp\/v2\/comments?post=4243"}],"version-history":[{"count":4,"href":"https:\/\/chaotic.ro\/ro\/wp-json\/wp\/v2\/pages\/4243\/revisions"}],"predecessor-version":[{"id":4305,"href":"https:\/\/chaotic.ro\/ro\/wp-json\/wp\/v2\/pages\/4243\/revisions\/4305"}],"wp:attachment":[{"href":"https:\/\/chaotic.ro\/ro\/wp-json\/wp\/v2\/media?parent=4243"}],"curies":[{"name":"wp","href":"https:\/\/api.w.org\/{rel}","templated":true}]}}