{"id":4597,"date":"2018-06-02T12:00:54","date_gmt":"2021-12-13T15:00:41","guid":{"rendered":"https:\/\/chaotic.ro\/product\/set-satin-sofia\/"},"modified":"2021-12-13T17:00:41","modified_gmt":"2021-12-13T15:00:41","slug":"sofia-satin-set-2","status":"publish","type":"product","link":"https:\/\/chaotic.ro\/ro\/produs\/sofia-satin-set-2\/","title":{"rendered":"Set satin SOFIA"},"content":{"rendered":"<p>Set negru din satin, cu m\u00e2neci bufante, decolteu \u00een V, fust\u0103 midi decupat\u0103 pe picior \u0219i nasturi-bijuterie.   <\/p>\n<p>Marime &amp; potrivire: Modelul are 1,71 cm inaltime si poarta marimea S<\/p>\n","protected":false},"excerpt":{"rendered":"<p>Set negru din satin, cu m\u00e2neci bufante, decolteu \u00een V, fust\u0103 midi decupat\u0103 pe picior \u0219i nasturi-bijuterie. Marime &amp; potrivire: Modelul are 1,71 cm inaltime si poarta marimea S<\/p>\n","protected":false},"featured_media":3754,"comment_status":"open","ping_status":"closed","template":"","meta":[],"product_cat":[272,273,293,294],"product_tag":[],"class_list":["post-4597","product","type-product","status-publish","has-post-thumbnail","hentry","product_cat-colectii","product_cat-contemporary-chic-ro","product_cat-seturi","product_cat-seturi-co-ord"],"yoast_head":"<!-- This site is optimized with the Yoast SEO plugin v18.1 - https:\/\/yoast.com\/wordpress\/plugins\/seo\/ -->\n<title>Set satin SOFIA - Chaotic<\/title>\n<meta name=\"robots\" content=\"index, follow, max-snippet:-1, max-image-preview:large, max-video-preview:-1\" \/>\n<link rel=\"canonical\" href=\"https:\/\/chaotic.ro\/ro\/produs\/sofia-satin-set-2\/\" \/>\n<meta property=\"og:locale\" content=\"ro_RO\" \/>\n<meta property=\"og:type\" content=\"article\" \/>\n<meta property=\"og:title\" content=\"Set satin SOFIA - Chaotic\" \/>\n<meta property=\"og:description\" content=\"Set negru din satin, cu m\u00e2neci bufante, decolteu \u00een V, fust\u0103 midi decupat\u0103 pe picior \u0219i nasturi-bijuterie. Marime &amp; potrivire: Modelul are 1,71 cm inaltime si poarta marimea S\" \/>\n<meta property=\"og:url\" content=\"https:\/\/chaotic.ro\/ro\/produs\/sofia-satin-set-2\/\" \/>\n<meta property=\"og:site_name\" content=\"Chaotic\" \/>\n<meta property=\"og:image\" content=\"https:\/\/chaotic.ro\/wp-content\/uploads\/2021\/08\/Sofia-2.jpg\" \/>\n\t<meta property=\"og:image:width\" content=\"1000\" \/>\n\t<meta property=\"og:image:height\" content=\"1500\" \/>\n\t<meta property=\"og:image:type\" content=\"image\/jpeg\" \/>\n<meta name=\"twitter:card\" content=\"summary_large_image\" \/>\n<script type=\"application\/ld+json\" class=\"yoast-schema-graph\">{\"@context\":\"https:\/\/schema.org\",\"@graph\":[{\"@type\":\"Organization\",\"@id\":\"https:\/\/chaotic.ro\/#organization\",\"name\":\"Chaotic\",\"url\":\"https:\/\/chaotic.ro\/\",\"sameAs\":[],\"logo\":{\"@type\":\"ImageObject\",\"@id\":\"https:\/\/chaotic.ro\/#logo\",\"inLanguage\":\"ro-RO\",\"url\":\"https:\/\/chaotic.ro\/wp-content\/uploads\/2021\/07\/Chaotic-Logo-Black.png\",\"contentUrl\":\"https:\/\/chaotic.ro\/wp-content\/uploads\/2021\/07\/Chaotic-Logo-Black.png\",\"width\":250,\"height\":50,\"caption\":\"Chaotic\"},\"image\":{\"@id\":\"https:\/\/chaotic.ro\/#logo\"}},{\"@type\":\"WebSite\",\"@id\":\"https:\/\/chaotic.ro\/#website\",\"url\":\"https:\/\/chaotic.ro\/\",\"name\":\"Chaotic\",\"description\":\"Wear your chaos with courage and pride\",\"publisher\":{\"@id\":\"https:\/\/chaotic.ro\/#organization\"},\"potentialAction\":[{\"@type\":\"SearchAction\",\"target\":{\"@type\":\"EntryPoint\",\"urlTemplate\":\"https:\/\/chaotic.ro\/?s={search_term_string}\"},\"query-input\":\"required name=search_term_string\"}],\"inLanguage\":\"ro-RO\"},{\"@type\":\"ImageObject\",\"@id\":\"https:\/\/chaotic.ro\/ro\/produs\/sofia-satin-set-2\/#primaryimage\",\"inLanguage\":\"ro-RO\",\"url\":\"https:\/\/chaotic.ro\/wp-content\/uploads\/2021\/08\/Sofia-2.jpg\",\"contentUrl\":\"https:\/\/chaotic.ro\/wp-content\/uploads\/2021\/08\/Sofia-2.jpg\",\"width\":1000,\"height\":1500},{\"@type\":\"WebPage\",\"@id\":\"https:\/\/chaotic.ro\/ro\/produs\/sofia-satin-set-2\/#webpage\",\"url\":\"https:\/\/chaotic.ro\/ro\/produs\/sofia-satin-set-2\/\",\"name\":\"Set satin SOFIA - Chaotic\",\"isPartOf\":{\"@id\":\"https:\/\/chaotic.ro\/#website\"},\"primaryImageOfPage\":{\"@id\":\"https:\/\/chaotic.ro\/ro\/produs\/sofia-satin-set-2\/#primaryimage\"},\"datePublished\":\"2021-12-13T15:00:41+00:00\",\"dateModified\":\"2021-12-13T15:00:41+00:00\",\"breadcrumb\":{\"@id\":\"https:\/\/chaotic.ro\/ro\/produs\/sofia-satin-set-2\/#breadcrumb\"},\"inLanguage\":\"ro-RO\",\"potentialAction\":[{\"@type\":\"ReadAction\",\"target\":[\"https:\/\/chaotic.ro\/ro\/produs\/sofia-satin-set-2\/\"]}]},{\"@type\":\"BreadcrumbList\",\"@id\":\"https:\/\/chaotic.ro\/ro\/produs\/sofia-satin-set-2\/#breadcrumb\",\"itemListElement\":[{\"@type\":\"ListItem\",\"position\":1,\"name\":\"Home\",\"item\":\"https:\/\/chaotic.ro\/ro\/pagina-principala\/\"},{\"@type\":\"ListItem\",\"position\":2,\"name\":\"Shop\",\"item\":\"https:\/\/chaotic.ro\/ro\/shop-2\/\"},{\"@type\":\"ListItem\",\"position\":3,\"name\":\"Set satin SOFIA\"}]}]}<\/script>\n<!-- \/ Yoast SEO plugin. -->","yoast_head_json":{"title":"Set satin SOFIA - Chaotic","robots":{"index":"index","follow":"follow","max-snippet":"max-snippet:-1","max-image-preview":"max-image-preview:large","max-video-preview":"max-video-preview:-1"},"canonical":"https:\/\/chaotic.ro\/ro\/produs\/sofia-satin-set-2\/","og_locale":"ro_RO","og_type":"article","og_title":"Set satin SOFIA - Chaotic","og_description":"Set negru din satin, cu m\u00e2neci bufante, decolteu \u00een V, fust\u0103 midi decupat\u0103 pe picior \u0219i nasturi-bijuterie. Marime &amp; potrivire: Modelul are 1,71 cm inaltime si poarta marimea S","og_url":"https:\/\/chaotic.ro\/ro\/produs\/sofia-satin-set-2\/","og_site_name":"Chaotic","og_image":[{"width":1000,"height":1500,"url":"https:\/\/chaotic.ro\/wp-content\/uploads\/2021\/08\/Sofia-2.jpg","type":"image\/jpeg"}],"twitter_card":"summary_large_image","schema":{"@context":"https:\/\/schema.org","@graph":[{"@type":"Organization","@id":"https:\/\/chaotic.ro\/#organization","name":"Chaotic","url":"https:\/\/chaotic.ro\/","sameAs":[],"logo":{"@type":"ImageObject","@id":"https:\/\/chaotic.ro\/#logo","inLanguage":"ro-RO","url":"https:\/\/chaotic.ro\/wp-content\/uploads\/2021\/07\/Chaotic-Logo-Black.png","contentUrl":"https:\/\/chaotic.ro\/wp-content\/uploads\/2021\/07\/Chaotic-Logo-Black.png","width":250,"height":50,"caption":"Chaotic"},"image":{"@id":"https:\/\/chaotic.ro\/#logo"}},{"@type":"WebSite","@id":"https:\/\/chaotic.ro\/#website","url":"https:\/\/chaotic.ro\/","name":"Chaotic","description":"Wear your chaos with courage and pride","publisher":{"@id":"https:\/\/chaotic.ro\/#organization"},"potentialAction":[{"@type":"SearchAction","target":{"@type":"EntryPoint","urlTemplate":"https:\/\/chaotic.ro\/?s={search_term_string}"},"query-input":"required name=search_term_string"}],"inLanguage":"ro-RO"},{"@type":"ImageObject","@id":"https:\/\/chaotic.ro\/ro\/produs\/sofia-satin-set-2\/#primaryimage","inLanguage":"ro-RO","url":"https:\/\/chaotic.ro\/wp-content\/uploads\/2021\/08\/Sofia-2.jpg","contentUrl":"https:\/\/chaotic.ro\/wp-content\/uploads\/2021\/08\/Sofia-2.jpg","width":1000,"height":1500},{"@type":"WebPage","@id":"https:\/\/chaotic.ro\/ro\/produs\/sofia-satin-set-2\/#webpage","url":"https:\/\/chaotic.ro\/ro\/produs\/sofia-satin-set-2\/","name":"Set satin SOFIA - Chaotic","isPartOf":{"@id":"https:\/\/chaotic.ro\/#website"},"primaryImageOfPage":{"@id":"https:\/\/chaotic.ro\/ro\/produs\/sofia-satin-set-2\/#primaryimage"},"datePublished":"2021-12-13T15:00:41+00:00","dateModified":"2021-12-13T15:00:41+00:00","breadcrumb":{"@id":"https:\/\/chaotic.ro\/ro\/produs\/sofia-satin-set-2\/#breadcrumb"},"inLanguage":"ro-RO","potentialAction":[{"@type":"ReadAction","target":["https:\/\/chaotic.ro\/ro\/produs\/sofia-satin-set-2\/"]}]},{"@type":"BreadcrumbList","@id":"https:\/\/chaotic.ro\/ro\/produs\/sofia-satin-set-2\/#breadcrumb","itemListElement":[{"@type":"ListItem","position":1,"name":"Home","item":"https:\/\/chaotic.ro\/ro\/pagina-principala\/"},{"@type":"ListItem","position":2,"name":"Shop","item":"https:\/\/chaotic.ro\/ro\/shop-2\/"},{"@type":"ListItem","position":3,"name":"Set satin SOFIA"}]}]}},"_links":{"self":[{"href":"https:\/\/chaotic.ro\/ro\/wp-json\/wp\/v2\/product\/4597","targetHints":{"allow":["GET"]}}],"collection":[{"href":"https:\/\/chaotic.ro\/ro\/wp-json\/wp\/v2\/product"}],"about":[{"href":"https:\/\/chaotic.ro\/ro\/wp-json\/wp\/v2\/types\/product"}],"replies":[{"embeddable":true,"href":"https:\/\/chaotic.ro\/ro\/wp-json\/wp\/v2\/comments?post=4597"}],"wp:featuredmedia":[{"embeddable":true,"href":"https:\/\/chaotic.ro\/ro\/wp-json\/wp\/v2\/media\/3754"}],"wp:attachment":[{"href":"https:\/\/chaotic.ro\/ro\/wp-json\/wp\/v2\/media?parent=4597"}],"wp:term":[{"taxonomy":"product_cat","embeddable":true,"href":"https:\/\/chaotic.ro\/ro\/wp-json\/wp\/v2\/product_cat?post=4597"},{"taxonomy":"product_tag","embeddable":true,"href":"https:\/\/chaotic.ro\/ro\/wp-json\/wp\/v2\/product_tag?post=4597"}],"curies":[{"name":"wp","href":"https:\/\/api.w.org\/{rel}","templated":true}]}}