{"id":4822,"date":"2020-07-09T12:00:59","date_gmt":"2021-12-13T15:35:13","guid":{"rendered":"https:\/\/chaotic.ro\/product\/ashley\/"},"modified":"2021-12-13T17:35:17","modified_gmt":"2021-12-13T15:35:17","slug":"ashley-2","status":"publish","type":"product","link":"https:\/\/chaotic.ro\/ro\/produs\/ashley-2\/","title":{"rendered":"Ashley"},"content":{"rendered":"<p>Rochie asimetric\u0103 drapat\u0103, ajustat\u0103 pe corp, roz pudr\u0103, cu decupaj lateral.<\/p>\n<p>Marime si potrivire: Modelul are 1,71 cm inaltime si poarta marimea XS<\/p>\n<p>&nbsp;<\/p>\n","protected":false},"excerpt":{"rendered":"<p>Rochie asimetric\u0103 drapat\u0103, ajustat\u0103 pe corp, roz pudr\u0103, cu decupaj lateral. Marime si potrivire: Modelul are 1,71 cm inaltime si poarta marimea XS &nbsp;<\/p>\n","protected":false},"featured_media":3564,"comment_status":"open","ping_status":"closed","template":"","meta":[],"product_cat":[272,281,276,278],"product_tag":[],"class_list":["post-4822","product","type-product","status-publish","has-post-thumbnail","hentry","product_cat-colectii","product_cat-midi-ro","product_cat-once-upon-a-dream-ro","product_cat-rochii"],"yoast_head":"<!-- This site is optimized with the Yoast SEO plugin v18.1 - https:\/\/yoast.com\/wordpress\/plugins\/seo\/ -->\n<title>Ashley - Chaotic<\/title>\n<meta name=\"robots\" content=\"index, follow, max-snippet:-1, max-image-preview:large, max-video-preview:-1\" \/>\n<link rel=\"canonical\" href=\"https:\/\/chaotic.ro\/ro\/produs\/ashley-2\/\" \/>\n<meta property=\"og:locale\" content=\"ro_RO\" \/>\n<meta property=\"og:type\" content=\"article\" \/>\n<meta property=\"og:title\" content=\"Ashley - Chaotic\" \/>\n<meta property=\"og:description\" content=\"Rochie asimetric\u0103 drapat\u0103, ajustat\u0103 pe corp, roz pudr\u0103, cu decupaj lateral. Marime si potrivire: Modelul are 1,71 cm inaltime si poarta marimea XS &nbsp;\" \/>\n<meta property=\"og:url\" content=\"https:\/\/chaotic.ro\/ro\/produs\/ashley-2\/\" \/>\n<meta property=\"og:site_name\" content=\"Chaotic\" \/>\n<meta property=\"article:modified_time\" content=\"2021-12-13T15:35:17+00:00\" \/>\n<meta property=\"og:image\" content=\"https:\/\/chaotic.ro\/wp-content\/uploads\/2021\/07\/Chaotic-Rochie-Ashley1.jpg\" \/>\n\t<meta property=\"og:image:width\" content=\"1164\" \/>\n\t<meta property=\"og:image:height\" content=\"1708\" \/>\n\t<meta property=\"og:image:type\" content=\"image\/jpeg\" \/>\n<meta name=\"twitter:card\" content=\"summary_large_image\" \/>\n<script type=\"application\/ld+json\" class=\"yoast-schema-graph\">{\"@context\":\"https:\/\/schema.org\",\"@graph\":[{\"@type\":\"Organization\",\"@id\":\"https:\/\/chaotic.ro\/#organization\",\"name\":\"Chaotic\",\"url\":\"https:\/\/chaotic.ro\/\",\"sameAs\":[],\"logo\":{\"@type\":\"ImageObject\",\"@id\":\"https:\/\/chaotic.ro\/#logo\",\"inLanguage\":\"ro-RO\",\"url\":\"https:\/\/chaotic.ro\/wp-content\/uploads\/2021\/07\/Chaotic-Logo-Black.png\",\"contentUrl\":\"https:\/\/chaotic.ro\/wp-content\/uploads\/2021\/07\/Chaotic-Logo-Black.png\",\"width\":250,\"height\":50,\"caption\":\"Chaotic\"},\"image\":{\"@id\":\"https:\/\/chaotic.ro\/#logo\"}},{\"@type\":\"WebSite\",\"@id\":\"https:\/\/chaotic.ro\/#website\",\"url\":\"https:\/\/chaotic.ro\/\",\"name\":\"Chaotic\",\"description\":\"Wear your chaos with courage and pride\",\"publisher\":{\"@id\":\"https:\/\/chaotic.ro\/#organization\"},\"potentialAction\":[{\"@type\":\"SearchAction\",\"target\":{\"@type\":\"EntryPoint\",\"urlTemplate\":\"https:\/\/chaotic.ro\/?s={search_term_string}\"},\"query-input\":\"required name=search_term_string\"}],\"inLanguage\":\"ro-RO\"},{\"@type\":\"ImageObject\",\"@id\":\"https:\/\/chaotic.ro\/ro\/produs\/ashley-2\/#primaryimage\",\"inLanguage\":\"ro-RO\",\"url\":\"https:\/\/chaotic.ro\/wp-content\/uploads\/2021\/07\/Chaotic-Rochie-Ashley1.jpg\",\"contentUrl\":\"https:\/\/chaotic.ro\/wp-content\/uploads\/2021\/07\/Chaotic-Rochie-Ashley1.jpg\",\"width\":1164,\"height\":1708},{\"@type\":\"WebPage\",\"@id\":\"https:\/\/chaotic.ro\/ro\/produs\/ashley-2\/#webpage\",\"url\":\"https:\/\/chaotic.ro\/ro\/produs\/ashley-2\/\",\"name\":\"Ashley - Chaotic\",\"isPartOf\":{\"@id\":\"https:\/\/chaotic.ro\/#website\"},\"primaryImageOfPage\":{\"@id\":\"https:\/\/chaotic.ro\/ro\/produs\/ashley-2\/#primaryimage\"},\"datePublished\":\"2021-12-13T15:35:13+00:00\",\"dateModified\":\"2021-12-13T15:35:17+00:00\",\"breadcrumb\":{\"@id\":\"https:\/\/chaotic.ro\/ro\/produs\/ashley-2\/#breadcrumb\"},\"inLanguage\":\"ro-RO\",\"potentialAction\":[{\"@type\":\"ReadAction\",\"target\":[\"https:\/\/chaotic.ro\/ro\/produs\/ashley-2\/\"]}]},{\"@type\":\"BreadcrumbList\",\"@id\":\"https:\/\/chaotic.ro\/ro\/produs\/ashley-2\/#breadcrumb\",\"itemListElement\":[{\"@type\":\"ListItem\",\"position\":1,\"name\":\"Home\",\"item\":\"https:\/\/chaotic.ro\/ro\/pagina-principala\/\"},{\"@type\":\"ListItem\",\"position\":2,\"name\":\"Shop\",\"item\":\"https:\/\/chaotic.ro\/ro\/shop-2\/\"},{\"@type\":\"ListItem\",\"position\":3,\"name\":\"Ashley\"}]}]}<\/script>\n<!-- \/ Yoast SEO plugin. -->","yoast_head_json":{"title":"Ashley - Chaotic","robots":{"index":"index","follow":"follow","max-snippet":"max-snippet:-1","max-image-preview":"max-image-preview:large","max-video-preview":"max-video-preview:-1"},"canonical":"https:\/\/chaotic.ro\/ro\/produs\/ashley-2\/","og_locale":"ro_RO","og_type":"article","og_title":"Ashley - Chaotic","og_description":"Rochie asimetric\u0103 drapat\u0103, ajustat\u0103 pe corp, roz pudr\u0103, cu decupaj lateral. Marime si potrivire: Modelul are 1,71 cm inaltime si poarta marimea XS &nbsp;","og_url":"https:\/\/chaotic.ro\/ro\/produs\/ashley-2\/","og_site_name":"Chaotic","article_modified_time":"2021-12-13T15:35:17+00:00","og_image":[{"width":1164,"height":1708,"url":"https:\/\/chaotic.ro\/wp-content\/uploads\/2021\/07\/Chaotic-Rochie-Ashley1.jpg","type":"image\/jpeg"}],"twitter_card":"summary_large_image","schema":{"@context":"https:\/\/schema.org","@graph":[{"@type":"Organization","@id":"https:\/\/chaotic.ro\/#organization","name":"Chaotic","url":"https:\/\/chaotic.ro\/","sameAs":[],"logo":{"@type":"ImageObject","@id":"https:\/\/chaotic.ro\/#logo","inLanguage":"ro-RO","url":"https:\/\/chaotic.ro\/wp-content\/uploads\/2021\/07\/Chaotic-Logo-Black.png","contentUrl":"https:\/\/chaotic.ro\/wp-content\/uploads\/2021\/07\/Chaotic-Logo-Black.png","width":250,"height":50,"caption":"Chaotic"},"image":{"@id":"https:\/\/chaotic.ro\/#logo"}},{"@type":"WebSite","@id":"https:\/\/chaotic.ro\/#website","url":"https:\/\/chaotic.ro\/","name":"Chaotic","description":"Wear your chaos with courage and pride","publisher":{"@id":"https:\/\/chaotic.ro\/#organization"},"potentialAction":[{"@type":"SearchAction","target":{"@type":"EntryPoint","urlTemplate":"https:\/\/chaotic.ro\/?s={search_term_string}"},"query-input":"required name=search_term_string"}],"inLanguage":"ro-RO"},{"@type":"ImageObject","@id":"https:\/\/chaotic.ro\/ro\/produs\/ashley-2\/#primaryimage","inLanguage":"ro-RO","url":"https:\/\/chaotic.ro\/wp-content\/uploads\/2021\/07\/Chaotic-Rochie-Ashley1.jpg","contentUrl":"https:\/\/chaotic.ro\/wp-content\/uploads\/2021\/07\/Chaotic-Rochie-Ashley1.jpg","width":1164,"height":1708},{"@type":"WebPage","@id":"https:\/\/chaotic.ro\/ro\/produs\/ashley-2\/#webpage","url":"https:\/\/chaotic.ro\/ro\/produs\/ashley-2\/","name":"Ashley - Chaotic","isPartOf":{"@id":"https:\/\/chaotic.ro\/#website"},"primaryImageOfPage":{"@id":"https:\/\/chaotic.ro\/ro\/produs\/ashley-2\/#primaryimage"},"datePublished":"2021-12-13T15:35:13+00:00","dateModified":"2021-12-13T15:35:17+00:00","breadcrumb":{"@id":"https:\/\/chaotic.ro\/ro\/produs\/ashley-2\/#breadcrumb"},"inLanguage":"ro-RO","potentialAction":[{"@type":"ReadAction","target":["https:\/\/chaotic.ro\/ro\/produs\/ashley-2\/"]}]},{"@type":"BreadcrumbList","@id":"https:\/\/chaotic.ro\/ro\/produs\/ashley-2\/#breadcrumb","itemListElement":[{"@type":"ListItem","position":1,"name":"Home","item":"https:\/\/chaotic.ro\/ro\/pagina-principala\/"},{"@type":"ListItem","position":2,"name":"Shop","item":"https:\/\/chaotic.ro\/ro\/shop-2\/"},{"@type":"ListItem","position":3,"name":"Ashley"}]}]}},"_links":{"self":[{"href":"https:\/\/chaotic.ro\/ro\/wp-json\/wp\/v2\/product\/4822","targetHints":{"allow":["GET"]}}],"collection":[{"href":"https:\/\/chaotic.ro\/ro\/wp-json\/wp\/v2\/product"}],"about":[{"href":"https:\/\/chaotic.ro\/ro\/wp-json\/wp\/v2\/types\/product"}],"replies":[{"embeddable":true,"href":"https:\/\/chaotic.ro\/ro\/wp-json\/wp\/v2\/comments?post=4822"}],"wp:featuredmedia":[{"embeddable":true,"href":"https:\/\/chaotic.ro\/ro\/wp-json\/wp\/v2\/media\/3564"}],"wp:attachment":[{"href":"https:\/\/chaotic.ro\/ro\/wp-json\/wp\/v2\/media?parent=4822"}],"wp:term":[{"taxonomy":"product_cat","embeddable":true,"href":"https:\/\/chaotic.ro\/ro\/wp-json\/wp\/v2\/product_cat?post=4822"},{"taxonomy":"product_tag","embeddable":true,"href":"https:\/\/chaotic.ro\/ro\/wp-json\/wp\/v2\/product_tag?post=4822"}],"curies":[{"name":"wp","href":"https:\/\/api.w.org\/{rel}","templated":true}]}}